{"id":12043,"date":"2021-10-27T10:24:33","date_gmt":"2021-10-27T08:24:33","guid":{"rendered":"https:\/\/woodtales.eu\/product\/set-de-decoracion-space\/"},"modified":"2025-12-11T11:46:02","modified_gmt":"2025-12-11T10:46:02","slug":"set-de-decoracion-space","status":"publish","type":"product","link":"https:\/\/woodtales.eu\/es\/product\/set-de-decoracion-space\/","title":{"rendered":"SPACE decoration set"},"content":{"rendered":"<div class=\"wpb-content-wrapper\"><p>[vc_row][vc_column][vc_column_text]Una mezcla de fieltro y decoraci\u00f3n de madera con formas de tem\u00e1tica espacial para tu \u00e1rbol Spira. Incluye un juego completo de decoraci\u00f3n y una estrella para el \u00e1rbol. La sensaci\u00f3n, el aspecto, el olor y el tacto naturales de la decoraci\u00f3n de madera aportar\u00e1n calidez y alegr\u00eda a tu hogar, mientras que el fieltro amarillo y azul aporta contraste y a\u00f1ade viveza. Viene con un juego de cuerdas.<\/p>\n<p><span class=\"fontstyle0\">La decoraci\u00f3n espacial se hizo especialmente para los so\u00f1adores, vagabundos y todo tipo de viajeros de<br \/>\n. El cielo es el \u00fanico l\u00edmite, as\u00ed que  <\/span><span class=\"fontstyle2\">\u00a1deja que tus sue\u00f1os sean tus alas!<\/span><\/p>\n<p>NO INCLUYE \u00c1RBOL DE NAVIDAD SPIRA.[\/vc_column_text][vc_row_inner et_uniqid=\u00bbet_custom_uniqid_5f73154db5def\u00bb css=\u00bb.vc_custom_1601404308630{margin-right: 5px !important;margin-bottom: 32px !important;margin-left: 5px !important;padding-top: 0px !important;padding-right: 20px !important;padding-bottom: 0px !important;padding-left: 20px !important;background-color: #ffffff !important;}\u00bb _et_uniqid=\u00bbet_custom_uniqid_new_5f737d8e1b2be\u00bb][vc_column_inner][vc_custom_heading text=\u00bb\u00bfLo sab\u00edas?\u00bb font_container=\u00bbtag:p|font_size:33px|text_align:left|color:%23282828|line_height:40px\u00bb][vc_column_text]Anta\u00f1o, s\u00f3lo los artesanos altamente cualificados pod\u00edan producir adornos navide\u00f1os asombrosos. Nuestra colecci\u00f3n se ha dise\u00f1ado para llevar a tu hogar el esp\u00edritu c\u00e1lido y acogedor de la perfecci\u00f3n minimalista. \u00bfHas pensado alguna vez en hacer una combinaci\u00f3n de adornos producidos y decoraciones creadas por los miembros de tu familia? Estas colecciones suelen transmitirse y aumentarse de generaci\u00f3n en generaci\u00f3n.[\/vc_column_text][\/vc_column_inner][\/vc_row_inner][\/vc_column][\/vc_row]<\/p>\n<\/div>","protected":false},"excerpt":{"rendered":"<p><span class=\"fontstyle0\">Conjuntos completos de decoraci\u00f3n para \u00e1rboles de Navidad Spira de todos los tama\u00f1os. Los combos incluyen adornos estrella para el \u00e1rbol y adornos colgantes de madera y fieltro amarillo y azul.<\/span><\/p>\n","protected":false},"featured_media":12057,"template":"","meta":[],"etheme_brands":[{"term_id":120,"name":"Spira","slug":"spira","term_group":0,"term_taxonomy_id":120,"taxonomy":"brand","description":"Spira es un producto hecho con amor bajo los Alpes. Est\u00e1 hecha a mano por h\u00e1biles artesanos. S\u00f3lo hacemos lo que nos inspira y lo que realmente nos apasiona. Centr\u00e1ndonos en cada detalle, nuestra misi\u00f3n es dise\u00f1ar la perfecci\u00f3n pr\u00e1ctica. Nada se deja al azar.","parent":0,"count":21,"filter":"raw"}],"product_brand":[],"product_cat":[118],"product_tag":[],"class_list":{"0":"post-12043","1":"product","2":"type-product","3":"status-publish","4":"has-post-thumbnail","6":"brand-spira","7":"product_cat-decoracion","9":"first","10":"instock","11":"sale","12":"taxable","13":"shipping-taxable","14":"purchasable","15":"product-type-variable"},"yoast_head":"<!-- This site is optimized with the Yoast SEO plugin v27.4 - https:\/\/yoast.com\/product\/yoast-seo-wordpress\/ -->\n<title>SPACE decoration set - Woodtales<\/title>\n<meta name=\"robots\" content=\"index, follow, max-snippet:-1, max-image-preview:large, max-video-preview:-1\" \/>\n<link rel=\"canonical\" href=\"https:\/\/woodtales.eu\/es\/product\/set-de-decoracion-space\/\" \/>\n<meta property=\"og:locale\" content=\"es_ES\" \/>\n<meta property=\"og:type\" content=\"article\" \/>\n<meta property=\"og:title\" content=\"SPACE decoration set - Woodtales\" \/>\n<meta property=\"og:description\" content=\"Conjuntos completos de decoraci\u00f3n para \u00e1rboles de Navidad Spira de todos los tama\u00f1os. Los combos incluyen adornos estrella para el \u00e1rbol y adornos colgantes de madera y fieltro amarillo y azul.\" \/>\n<meta property=\"og:url\" content=\"https:\/\/woodtales.eu\/es\/product\/set-de-decoracion-space\/\" \/>\n<meta property=\"og:site_name\" content=\"Woodtales\" \/>\n<meta property=\"article:publisher\" content=\"https:\/\/www.facebook.com\/SpiraChristmasTree\" \/>\n<meta property=\"article:modified_time\" content=\"2025-12-11T10:46:02+00:00\" \/>\n<meta property=\"og:image\" content=\"https:\/\/woodtales.eu\/wp-content\/uploads\/2021\/10\/Spira_space-mix-set_1.jpg\" \/>\n\t<meta property=\"og:image:width\" content=\"900\" \/>\n\t<meta property=\"og:image:height\" content=\"675\" \/>\n\t<meta property=\"og:image:type\" content=\"image\/jpeg\" \/>\n<meta name=\"twitter:card\" content=\"summary_large_image\" \/>\n<meta name=\"twitter:label1\" content=\"Tiempo de lectura\" \/>\n\t<meta name=\"twitter:data1\" content=\"1 minuto\" \/>\n<script type=\"application\/ld+json\" class=\"yoast-schema-graph\">{\"@context\":\"https:\\\/\\\/schema.org\",\"@graph\":[{\"@type\":\"WebPage\",\"@id\":\"https:\\\/\\\/woodtales.eu\\\/es\\\/product\\\/set-de-decoracion-space\\\/\",\"url\":\"https:\\\/\\\/woodtales.eu\\\/es\\\/product\\\/set-de-decoracion-space\\\/\",\"name\":\"SPACE decoration set - Woodtales\",\"isPartOf\":{\"@id\":\"https:\\\/\\\/woodtales.eu\\\/es\\\/#website\"},\"primaryImageOfPage\":{\"@id\":\"https:\\\/\\\/woodtales.eu\\\/es\\\/product\\\/set-de-decoracion-space\\\/#primaryimage\"},\"image\":{\"@id\":\"https:\\\/\\\/woodtales.eu\\\/es\\\/product\\\/set-de-decoracion-space\\\/#primaryimage\"},\"thumbnailUrl\":\"https:\\\/\\\/woodtales.eu\\\/wp-content\\\/uploads\\\/2021\\\/10\\\/Spira_space-mix-set_1.jpg\",\"datePublished\":\"2021-10-27T08:24:33+00:00\",\"dateModified\":\"2025-12-11T10:46:02+00:00\",\"breadcrumb\":{\"@id\":\"https:\\\/\\\/woodtales.eu\\\/es\\\/product\\\/set-de-decoracion-space\\\/#breadcrumb\"},\"inLanguage\":\"es\",\"potentialAction\":[{\"@type\":\"ReadAction\",\"target\":[\"https:\\\/\\\/woodtales.eu\\\/es\\\/product\\\/set-de-decoracion-space\\\/\"]}]},{\"@type\":\"ImageObject\",\"inLanguage\":\"es\",\"@id\":\"https:\\\/\\\/woodtales.eu\\\/es\\\/product\\\/set-de-decoracion-space\\\/#primaryimage\",\"url\":\"https:\\\/\\\/woodtales.eu\\\/wp-content\\\/uploads\\\/2021\\\/10\\\/Spira_space-mix-set_1.jpg\",\"contentUrl\":\"https:\\\/\\\/woodtales.eu\\\/wp-content\\\/uploads\\\/2021\\\/10\\\/Spira_space-mix-set_1.jpg\",\"width\":900,\"height\":675},{\"@type\":\"BreadcrumbList\",\"@id\":\"https:\\\/\\\/woodtales.eu\\\/es\\\/product\\\/set-de-decoracion-space\\\/#breadcrumb\",\"itemListElement\":[{\"@type\":\"ListItem\",\"position\":1,\"name\":\"Home\",\"item\":\"https:\\\/\\\/woodtales.eu\\\/es\\\/\"},{\"@type\":\"ListItem\",\"position\":2,\"name\":\"Tienda\",\"item\":\"https:\\\/\\\/woodtales.eu\\\/es\\\/tienda\\\/\"},{\"@type\":\"ListItem\",\"position\":3,\"name\":\"SPACE decoration set\"}]},{\"@type\":\"WebSite\",\"@id\":\"https:\\\/\\\/woodtales.eu\\\/es\\\/#website\",\"url\":\"https:\\\/\\\/woodtales.eu\\\/es\\\/\",\"name\":\"Woodtales\",\"description\":\"\",\"publisher\":{\"@id\":\"https:\\\/\\\/woodtales.eu\\\/es\\\/#organization\"},\"potentialAction\":[{\"@type\":\"SearchAction\",\"target\":{\"@type\":\"EntryPoint\",\"urlTemplate\":\"https:\\\/\\\/woodtales.eu\\\/es\\\/?s={search_term_string}\"},\"query-input\":{\"@type\":\"PropertyValueSpecification\",\"valueRequired\":true,\"valueName\":\"search_term_string\"}}],\"inLanguage\":\"es\"},{\"@type\":\"Organization\",\"@id\":\"https:\\\/\\\/woodtales.eu\\\/es\\\/#organization\",\"name\":\"Woodtales\",\"url\":\"https:\\\/\\\/woodtales.eu\\\/es\\\/\",\"logo\":{\"@type\":\"ImageObject\",\"inLanguage\":\"es\",\"@id\":\"https:\\\/\\\/woodtales.eu\\\/es\\\/#\\\/schema\\\/logo\\\/image\\\/\",\"url\":\"https:\\\/\\\/woodtales.eu\\\/wp-content\\\/uploads\\\/2019\\\/09\\\/cropped-logo-WT_thumbnail.png\",\"contentUrl\":\"https:\\\/\\\/woodtales.eu\\\/wp-content\\\/uploads\\\/2019\\\/09\\\/cropped-logo-WT_thumbnail.png\",\"width\":512,\"height\":512,\"caption\":\"Woodtales\"},\"image\":{\"@id\":\"https:\\\/\\\/woodtales.eu\\\/es\\\/#\\\/schema\\\/logo\\\/image\\\/\"},\"sameAs\":[\"https:\\\/\\\/www.facebook.com\\\/SpiraChristmasTree\",\"https:\\\/\\\/www.instagram.com\\\/woodtales_\\\/\"]}]}<\/script>\n<!-- \/ Yoast SEO plugin. -->","yoast_head_json":{"title":"SPACE decoration set - Woodtales","robots":{"index":"index","follow":"follow","max-snippet":"max-snippet:-1","max-image-preview":"max-image-preview:large","max-video-preview":"max-video-preview:-1"},"canonical":"https:\/\/woodtales.eu\/es\/product\/set-de-decoracion-space\/","og_locale":"es_ES","og_type":"article","og_title":"SPACE decoration set - Woodtales","og_description":"Conjuntos completos de decoraci\u00f3n para \u00e1rboles de Navidad Spira de todos los tama\u00f1os. Los combos incluyen adornos estrella para el \u00e1rbol y adornos colgantes de madera y fieltro amarillo y azul.","og_url":"https:\/\/woodtales.eu\/es\/product\/set-de-decoracion-space\/","og_site_name":"Woodtales","article_publisher":"https:\/\/www.facebook.com\/SpiraChristmasTree","article_modified_time":"2025-12-11T10:46:02+00:00","og_image":[{"width":900,"height":675,"url":"https:\/\/woodtales.eu\/wp-content\/uploads\/2021\/10\/Spira_space-mix-set_1.jpg","type":"image\/jpeg"}],"twitter_card":"summary_large_image","twitter_misc":{"Tiempo de lectura":"1 minuto"},"schema":{"@context":"https:\/\/schema.org","@graph":[{"@type":"WebPage","@id":"https:\/\/woodtales.eu\/es\/product\/set-de-decoracion-space\/","url":"https:\/\/woodtales.eu\/es\/product\/set-de-decoracion-space\/","name":"SPACE decoration set - Woodtales","isPartOf":{"@id":"https:\/\/woodtales.eu\/es\/#website"},"primaryImageOfPage":{"@id":"https:\/\/woodtales.eu\/es\/product\/set-de-decoracion-space\/#primaryimage"},"image":{"@id":"https:\/\/woodtales.eu\/es\/product\/set-de-decoracion-space\/#primaryimage"},"thumbnailUrl":"https:\/\/woodtales.eu\/wp-content\/uploads\/2021\/10\/Spira_space-mix-set_1.jpg","datePublished":"2021-10-27T08:24:33+00:00","dateModified":"2025-12-11T10:46:02+00:00","breadcrumb":{"@id":"https:\/\/woodtales.eu\/es\/product\/set-de-decoracion-space\/#breadcrumb"},"inLanguage":"es","potentialAction":[{"@type":"ReadAction","target":["https:\/\/woodtales.eu\/es\/product\/set-de-decoracion-space\/"]}]},{"@type":"ImageObject","inLanguage":"es","@id":"https:\/\/woodtales.eu\/es\/product\/set-de-decoracion-space\/#primaryimage","url":"https:\/\/woodtales.eu\/wp-content\/uploads\/2021\/10\/Spira_space-mix-set_1.jpg","contentUrl":"https:\/\/woodtales.eu\/wp-content\/uploads\/2021\/10\/Spira_space-mix-set_1.jpg","width":900,"height":675},{"@type":"BreadcrumbList","@id":"https:\/\/woodtales.eu\/es\/product\/set-de-decoracion-space\/#breadcrumb","itemListElement":[{"@type":"ListItem","position":1,"name":"Home","item":"https:\/\/woodtales.eu\/es\/"},{"@type":"ListItem","position":2,"name":"Tienda","item":"https:\/\/woodtales.eu\/es\/tienda\/"},{"@type":"ListItem","position":3,"name":"SPACE decoration set"}]},{"@type":"WebSite","@id":"https:\/\/woodtales.eu\/es\/#website","url":"https:\/\/woodtales.eu\/es\/","name":"Woodtales","description":"","publisher":{"@id":"https:\/\/woodtales.eu\/es\/#organization"},"potentialAction":[{"@type":"SearchAction","target":{"@type":"EntryPoint","urlTemplate":"https:\/\/woodtales.eu\/es\/?s={search_term_string}"},"query-input":{"@type":"PropertyValueSpecification","valueRequired":true,"valueName":"search_term_string"}}],"inLanguage":"es"},{"@type":"Organization","@id":"https:\/\/woodtales.eu\/es\/#organization","name":"Woodtales","url":"https:\/\/woodtales.eu\/es\/","logo":{"@type":"ImageObject","inLanguage":"es","@id":"https:\/\/woodtales.eu\/es\/#\/schema\/logo\/image\/","url":"https:\/\/woodtales.eu\/wp-content\/uploads\/2019\/09\/cropped-logo-WT_thumbnail.png","contentUrl":"https:\/\/woodtales.eu\/wp-content\/uploads\/2019\/09\/cropped-logo-WT_thumbnail.png","width":512,"height":512,"caption":"Woodtales"},"image":{"@id":"https:\/\/woodtales.eu\/es\/#\/schema\/logo\/image\/"},"sameAs":["https:\/\/www.facebook.com\/SpiraChristmasTree","https:\/\/www.instagram.com\/woodtales_\/"]}]}},"_links":{"self":[{"href":"https:\/\/woodtales.eu\/es\/wp-json\/wp\/v2\/product\/12043","targetHints":{"allow":["GET"]}}],"collection":[{"href":"https:\/\/woodtales.eu\/es\/wp-json\/wp\/v2\/product"}],"about":[{"href":"https:\/\/woodtales.eu\/es\/wp-json\/wp\/v2\/types\/product"}],"wp:featuredmedia":[{"embeddable":true,"href":"https:\/\/woodtales.eu\/es\/wp-json\/wp\/v2\/media\/12057"}],"wp:attachment":[{"href":"https:\/\/woodtales.eu\/es\/wp-json\/wp\/v2\/media?parent=12043"}],"wp:term":[{"taxonomy":"brand","embeddable":true,"href":"https:\/\/woodtales.eu\/es\/wp-json\/wp\/v2\/etheme_brands?post=12043"},{"taxonomy":"product_brand","embeddable":true,"href":"https:\/\/woodtales.eu\/es\/wp-json\/wp\/v2\/product_brand?post=12043"},{"taxonomy":"product_cat","embeddable":true,"href":"https:\/\/woodtales.eu\/es\/wp-json\/wp\/v2\/product_cat?post=12043"},{"taxonomy":"product_tag","embeddable":true,"href":"https:\/\/woodtales.eu\/es\/wp-json\/wp\/v2\/product_tag?post=12043"}],"curies":[{"name":"wp","href":"https:\/\/api.w.org\/{rel}","templated":true}]}}