{"id":12121,"date":"2020-10-19T23:13:21","date_gmt":"2020-10-19T21:13:21","guid":{"rendered":"https:\/\/woodtales.eu\/product\/spira-mini\/"},"modified":"2025-12-11T11:47:56","modified_gmt":"2025-12-11T10:47:56","slug":"spira-mini","status":"publish","type":"product","link":"https:\/\/woodtales.eu\/es\/product\/spira-mini\/","title":{"rendered":"Spira MINI"},"content":{"rendered":"<div class=\"wpb-content-wrapper\"><p>[vc_row][vc_column][vc_column_text css_animation=\u00bbnone\u00bb]Spira Mini se coloca en una caja de cart\u00f3n de s\u00f3lo 2,5 cm de altura. Permite una instalaci\u00f3n r\u00e1pida y sencilla y ocupa muy poco espacio de almacenamiento.<\/p>\n<div>\n<p>Altura: 42 cm | Anchura, di\u00e1metro: 25 cm | Peso: 0,25 kg | Dimensiones del paquete: 36 x 26 x 2,5 cm | N\u00famero de muescas para adornos: 45 | Peso m\u00e1ximo del adorno: 2 kg<\/p>\n<\/div>\n<p>[\/vc_column_text][vc_row_inner et_uniqid=\u00bbet_custom_uniqid_5f73154db5def\u00bb css=\u00bb.vc_custom_1601404350073{margin-right: 5px !important;margin-bottom: 32px !important;margin-left: 0px !important;padding-top: 0px !important;padding-right: 20px !important;padding-bottom: 0px !important;padding-left: 20px !important;background-color: #ffffff !important;}\u00bb _et_uniqid=\u00bbet_custom_uniqid_new_5f737db5a6512&#8243;][vc_column_inner][vc_custom_heading text=\u00bb\u00bfLo sab\u00edas?\u00bb font_container=\u00bbtag:p|font_size:33px|text_align:left|color:%23282828|line_height:40px\u00bb][vc_column_text]Las investigaciones demuestran que los adornos navide\u00f1os mejoran nuestro estado de \u00e1nimo. Nuestro cerebro asocia la decoraci\u00f3n con sentimientos navide\u00f1os agradables, lo que desencadena la dopamina, tambi\u00e9n conocida como la hormona de la felicidad.[\/vc_column_text][\/vc_column_inner][\/vc_row_inner][vc_custom_heading text=\u00bbVer los v\u00eddeos de los productos\u00bb use_theme_fonts=\u00bbyes\u00bb][vc_video link=\u00bbhttps:\/\/www.youtube.com\/watch?v=5T4OuF1yN8c\u00bb][vc_row_inner][vc_column_inner width=\u00bb1\/2&#8243;][vc_video link=\u00bbhttps:\/\/www.youtube.com\/watch?v=JR05sV116Xo\u00bb][\/vc_column_inner][vc_column_inner width=\u00bb1\/2&#8243;][vc_video link=\u00bbhttps:\/\/www.youtube.com\/watch?v=uMpJsCVcg1c\u00bb][\/vc_column_inner][\/vc_row_inner][\/vc_column][\/vc_row][vc_row][vc_column][vc_column_text css_animation=\u00bbnone\u00bb]\u00bfQuieres personalizar tu Spira? Haz una impresi\u00f3n o un grabado l\u00e1ser y hazlo \u00fanico.  <a href=\"https:\/\/lukazajc.com\/es\/corte-por-laser\/\" target=\"_blank\" rel=\"noopener\"><strong>\u00a1Mira las posibilidades!<\/strong><\/a>[\/vc_column_text][\/vc_column][\/vc_row]<\/p>\n<\/div>","protected":false},"excerpt":{"rendered":"<p>Spira Mini es una decoraci\u00f3n de mesa ideal para el hogar o la oficina. Una pieza de dise\u00f1o \u00fanica que crea al instante un ambiente festivo.<\/p>\n","protected":false},"featured_media":12134,"template":"","meta":[],"etheme_brands":[{"term_id":120,"name":"Spira","slug":"spira","term_group":0,"term_taxonomy_id":120,"taxonomy":"brand","description":"Spira es un producto hecho con amor bajo los Alpes. Est\u00e1 hecha a mano por h\u00e1biles artesanos. S\u00f3lo hacemos lo que nos inspira y lo que realmente nos apasiona. Centr\u00e1ndonos en cada detalle, nuestra misi\u00f3n es dise\u00f1ar la perfecci\u00f3n pr\u00e1ctica. Nada se deja al azar.","parent":0,"count":21,"filter":"raw"}],"product_brand":[],"product_cat":[121],"product_tag":[],"class_list":{"0":"post-12121","1":"product","2":"type-product","3":"status-publish","4":"has-post-thumbnail","6":"brand-spira","7":"product_cat-arboles","9":"first","10":"instock","11":"sale","12":"taxable","13":"shipping-taxable","14":"purchasable","15":"product-type-variable"},"yoast_head":"<!-- This site is optimized with the Yoast SEO plugin v27.4 - https:\/\/yoast.com\/product\/yoast-seo-wordpress\/ -->\n<title>Spira MINI - Woodtales<\/title>\n<meta name=\"robots\" content=\"index, follow, max-snippet:-1, max-image-preview:large, max-video-preview:-1\" \/>\n<link rel=\"canonical\" href=\"https:\/\/woodtales.eu\/es\/product\/spira-mini\/\" \/>\n<meta property=\"og:locale\" content=\"es_ES\" \/>\n<meta property=\"og:type\" content=\"article\" \/>\n<meta property=\"og:title\" content=\"Spira MINI - Woodtales\" \/>\n<meta property=\"og:description\" content=\"Spira Mini es una decoraci\u00f3n de mesa ideal para el hogar o la oficina. Una pieza de dise\u00f1o \u00fanica que crea al instante un ambiente festivo.\" \/>\n<meta property=\"og:url\" content=\"https:\/\/woodtales.eu\/es\/product\/spira-mini\/\" \/>\n<meta property=\"og:site_name\" content=\"Woodtales\" \/>\n<meta property=\"article:publisher\" content=\"https:\/\/www.facebook.com\/SpiraChristmasTree\" \/>\n<meta property=\"article:modified_time\" content=\"2025-12-11T10:47:56+00:00\" \/>\n<meta property=\"og:image\" content=\"https:\/\/woodtales.eu\/wp-content\/uploads\/2020\/10\/spira_mini_01-tree-1.jpg\" \/>\n\t<meta property=\"og:image:width\" content=\"2000\" \/>\n\t<meta property=\"og:image:height\" content=\"1500\" \/>\n\t<meta property=\"og:image:type\" content=\"image\/jpeg\" \/>\n<meta name=\"twitter:card\" content=\"summary_large_image\" \/>\n<meta name=\"twitter:label1\" content=\"Tiempo de lectura\" \/>\n\t<meta name=\"twitter:data1\" content=\"2 minutos\" \/>\n<script type=\"application\/ld+json\" class=\"yoast-schema-graph\">{\"@context\":\"https:\\\/\\\/schema.org\",\"@graph\":[{\"@type\":\"WebPage\",\"@id\":\"https:\\\/\\\/woodtales.eu\\\/es\\\/product\\\/spira-mini\\\/\",\"url\":\"https:\\\/\\\/woodtales.eu\\\/es\\\/product\\\/spira-mini\\\/\",\"name\":\"Spira MINI - Woodtales\",\"isPartOf\":{\"@id\":\"https:\\\/\\\/woodtales.eu\\\/es\\\/#website\"},\"primaryImageOfPage\":{\"@id\":\"https:\\\/\\\/woodtales.eu\\\/es\\\/product\\\/spira-mini\\\/#primaryimage\"},\"image\":{\"@id\":\"https:\\\/\\\/woodtales.eu\\\/es\\\/product\\\/spira-mini\\\/#primaryimage\"},\"thumbnailUrl\":\"https:\\\/\\\/woodtales.eu\\\/wp-content\\\/uploads\\\/2020\\\/10\\\/spira_mini_01-tree-1.jpg\",\"datePublished\":\"2020-10-19T21:13:21+00:00\",\"dateModified\":\"2025-12-11T10:47:56+00:00\",\"breadcrumb\":{\"@id\":\"https:\\\/\\\/woodtales.eu\\\/es\\\/product\\\/spira-mini\\\/#breadcrumb\"},\"inLanguage\":\"es\",\"potentialAction\":[{\"@type\":\"ReadAction\",\"target\":[\"https:\\\/\\\/woodtales.eu\\\/es\\\/product\\\/spira-mini\\\/\"]}]},{\"@type\":\"ImageObject\",\"inLanguage\":\"es\",\"@id\":\"https:\\\/\\\/woodtales.eu\\\/es\\\/product\\\/spira-mini\\\/#primaryimage\",\"url\":\"https:\\\/\\\/woodtales.eu\\\/wp-content\\\/uploads\\\/2020\\\/10\\\/spira_mini_01-tree-1.jpg\",\"contentUrl\":\"https:\\\/\\\/woodtales.eu\\\/wp-content\\\/uploads\\\/2020\\\/10\\\/spira_mini_01-tree-1.jpg\",\"width\":2000,\"height\":1500},{\"@type\":\"BreadcrumbList\",\"@id\":\"https:\\\/\\\/woodtales.eu\\\/es\\\/product\\\/spira-mini\\\/#breadcrumb\",\"itemListElement\":[{\"@type\":\"ListItem\",\"position\":1,\"name\":\"Home\",\"item\":\"https:\\\/\\\/woodtales.eu\\\/es\\\/\"},{\"@type\":\"ListItem\",\"position\":2,\"name\":\"Tienda\",\"item\":\"https:\\\/\\\/woodtales.eu\\\/es\\\/tienda\\\/\"},{\"@type\":\"ListItem\",\"position\":3,\"name\":\"Spira MINI\"}]},{\"@type\":\"WebSite\",\"@id\":\"https:\\\/\\\/woodtales.eu\\\/es\\\/#website\",\"url\":\"https:\\\/\\\/woodtales.eu\\\/es\\\/\",\"name\":\"Woodtales\",\"description\":\"\",\"publisher\":{\"@id\":\"https:\\\/\\\/woodtales.eu\\\/es\\\/#organization\"},\"potentialAction\":[{\"@type\":\"SearchAction\",\"target\":{\"@type\":\"EntryPoint\",\"urlTemplate\":\"https:\\\/\\\/woodtales.eu\\\/es\\\/?s={search_term_string}\"},\"query-input\":{\"@type\":\"PropertyValueSpecification\",\"valueRequired\":true,\"valueName\":\"search_term_string\"}}],\"inLanguage\":\"es\"},{\"@type\":\"Organization\",\"@id\":\"https:\\\/\\\/woodtales.eu\\\/es\\\/#organization\",\"name\":\"Woodtales\",\"url\":\"https:\\\/\\\/woodtales.eu\\\/es\\\/\",\"logo\":{\"@type\":\"ImageObject\",\"inLanguage\":\"es\",\"@id\":\"https:\\\/\\\/woodtales.eu\\\/es\\\/#\\\/schema\\\/logo\\\/image\\\/\",\"url\":\"https:\\\/\\\/woodtales.eu\\\/wp-content\\\/uploads\\\/2019\\\/09\\\/cropped-logo-WT_thumbnail.png\",\"contentUrl\":\"https:\\\/\\\/woodtales.eu\\\/wp-content\\\/uploads\\\/2019\\\/09\\\/cropped-logo-WT_thumbnail.png\",\"width\":512,\"height\":512,\"caption\":\"Woodtales\"},\"image\":{\"@id\":\"https:\\\/\\\/woodtales.eu\\\/es\\\/#\\\/schema\\\/logo\\\/image\\\/\"},\"sameAs\":[\"https:\\\/\\\/www.facebook.com\\\/SpiraChristmasTree\",\"https:\\\/\\\/www.instagram.com\\\/woodtales_\\\/\"]}]}<\/script>\n<!-- \/ Yoast SEO plugin. -->","yoast_head_json":{"title":"Spira MINI - Woodtales","robots":{"index":"index","follow":"follow","max-snippet":"max-snippet:-1","max-image-preview":"max-image-preview:large","max-video-preview":"max-video-preview:-1"},"canonical":"https:\/\/woodtales.eu\/es\/product\/spira-mini\/","og_locale":"es_ES","og_type":"article","og_title":"Spira MINI - Woodtales","og_description":"Spira Mini es una decoraci\u00f3n de mesa ideal para el hogar o la oficina. Una pieza de dise\u00f1o \u00fanica que crea al instante un ambiente festivo.","og_url":"https:\/\/woodtales.eu\/es\/product\/spira-mini\/","og_site_name":"Woodtales","article_publisher":"https:\/\/www.facebook.com\/SpiraChristmasTree","article_modified_time":"2025-12-11T10:47:56+00:00","og_image":[{"width":2000,"height":1500,"url":"https:\/\/woodtales.eu\/wp-content\/uploads\/2020\/10\/spira_mini_01-tree-1.jpg","type":"image\/jpeg"}],"twitter_card":"summary_large_image","twitter_misc":{"Tiempo de lectura":"2 minutos"},"schema":{"@context":"https:\/\/schema.org","@graph":[{"@type":"WebPage","@id":"https:\/\/woodtales.eu\/es\/product\/spira-mini\/","url":"https:\/\/woodtales.eu\/es\/product\/spira-mini\/","name":"Spira MINI - Woodtales","isPartOf":{"@id":"https:\/\/woodtales.eu\/es\/#website"},"primaryImageOfPage":{"@id":"https:\/\/woodtales.eu\/es\/product\/spira-mini\/#primaryimage"},"image":{"@id":"https:\/\/woodtales.eu\/es\/product\/spira-mini\/#primaryimage"},"thumbnailUrl":"https:\/\/woodtales.eu\/wp-content\/uploads\/2020\/10\/spira_mini_01-tree-1.jpg","datePublished":"2020-10-19T21:13:21+00:00","dateModified":"2025-12-11T10:47:56+00:00","breadcrumb":{"@id":"https:\/\/woodtales.eu\/es\/product\/spira-mini\/#breadcrumb"},"inLanguage":"es","potentialAction":[{"@type":"ReadAction","target":["https:\/\/woodtales.eu\/es\/product\/spira-mini\/"]}]},{"@type":"ImageObject","inLanguage":"es","@id":"https:\/\/woodtales.eu\/es\/product\/spira-mini\/#primaryimage","url":"https:\/\/woodtales.eu\/wp-content\/uploads\/2020\/10\/spira_mini_01-tree-1.jpg","contentUrl":"https:\/\/woodtales.eu\/wp-content\/uploads\/2020\/10\/spira_mini_01-tree-1.jpg","width":2000,"height":1500},{"@type":"BreadcrumbList","@id":"https:\/\/woodtales.eu\/es\/product\/spira-mini\/#breadcrumb","itemListElement":[{"@type":"ListItem","position":1,"name":"Home","item":"https:\/\/woodtales.eu\/es\/"},{"@type":"ListItem","position":2,"name":"Tienda","item":"https:\/\/woodtales.eu\/es\/tienda\/"},{"@type":"ListItem","position":3,"name":"Spira MINI"}]},{"@type":"WebSite","@id":"https:\/\/woodtales.eu\/es\/#website","url":"https:\/\/woodtales.eu\/es\/","name":"Woodtales","description":"","publisher":{"@id":"https:\/\/woodtales.eu\/es\/#organization"},"potentialAction":[{"@type":"SearchAction","target":{"@type":"EntryPoint","urlTemplate":"https:\/\/woodtales.eu\/es\/?s={search_term_string}"},"query-input":{"@type":"PropertyValueSpecification","valueRequired":true,"valueName":"search_term_string"}}],"inLanguage":"es"},{"@type":"Organization","@id":"https:\/\/woodtales.eu\/es\/#organization","name":"Woodtales","url":"https:\/\/woodtales.eu\/es\/","logo":{"@type":"ImageObject","inLanguage":"es","@id":"https:\/\/woodtales.eu\/es\/#\/schema\/logo\/image\/","url":"https:\/\/woodtales.eu\/wp-content\/uploads\/2019\/09\/cropped-logo-WT_thumbnail.png","contentUrl":"https:\/\/woodtales.eu\/wp-content\/uploads\/2019\/09\/cropped-logo-WT_thumbnail.png","width":512,"height":512,"caption":"Woodtales"},"image":{"@id":"https:\/\/woodtales.eu\/es\/#\/schema\/logo\/image\/"},"sameAs":["https:\/\/www.facebook.com\/SpiraChristmasTree","https:\/\/www.instagram.com\/woodtales_\/"]}]}},"_links":{"self":[{"href":"https:\/\/woodtales.eu\/es\/wp-json\/wp\/v2\/product\/12121","targetHints":{"allow":["GET"]}}],"collection":[{"href":"https:\/\/woodtales.eu\/es\/wp-json\/wp\/v2\/product"}],"about":[{"href":"https:\/\/woodtales.eu\/es\/wp-json\/wp\/v2\/types\/product"}],"wp:featuredmedia":[{"embeddable":true,"href":"https:\/\/woodtales.eu\/es\/wp-json\/wp\/v2\/media\/12134"}],"wp:attachment":[{"href":"https:\/\/woodtales.eu\/es\/wp-json\/wp\/v2\/media?parent=12121"}],"wp:term":[{"taxonomy":"brand","embeddable":true,"href":"https:\/\/woodtales.eu\/es\/wp-json\/wp\/v2\/etheme_brands?post=12121"},{"taxonomy":"product_brand","embeddable":true,"href":"https:\/\/woodtales.eu\/es\/wp-json\/wp\/v2\/product_brand?post=12121"},{"taxonomy":"product_cat","embeddable":true,"href":"https:\/\/woodtales.eu\/es\/wp-json\/wp\/v2\/product_cat?post=12121"},{"taxonomy":"product_tag","embeddable":true,"href":"https:\/\/woodtales.eu\/es\/wp-json\/wp\/v2\/product_tag?post=12121"}],"curies":[{"name":"wp","href":"https:\/\/api.w.org\/{rel}","templated":true}]}}