{"id":12362,"date":"2020-10-13T23:25:09","date_gmt":"2020-10-13T21:25:09","guid":{"rendered":"https:\/\/woodtales.eu\/product\/decoracion-de-madera\/"},"modified":"2025-12-11T12:09:02","modified_gmt":"2025-12-11T11:09:02","slug":"decoracion-de-madera","status":"publish","type":"product","link":"https:\/\/woodtales.eu\/es\/product\/decoracion-de-madera\/","title":{"rendered":"Wood decoration"},"content":{"rendered":"<div class=\"wpb-content-wrapper\"><p>[vc_row][vc_column][vc_column_text css=\u00bb\u00bb]El set contiene adornos de madera en 5 motivos diferentes y cuerdas para su instalaci\u00f3n. Los adornos est\u00e1n disponibles en tres tama\u00f1os diferentes: Peque\u00f1o, Mediano y Grande.[\/vc_column_text][vc_row_inner et_uniqid=\u00bbet_custom_uniqid_5f73154db5def\u00bb css=\u00bb.vc_custom_1601404308630{margin-right: 5px !important;margin-bottom: 32px !important;margin-left: 5px !important;padding-top: 0px !important;padding-right: 20px !important;padding-bottom: 0px !important;padding-left: 20px !important;background-color: #ffffff !important;}\u00bb _et_uniqid=\u00bbet_custom_uniqid_new_5f737d8e1b2be\u00bb][vc_column_inner][vc_custom_heading text=\u00bb\u00bfLo sab\u00edas?\u00bb font_container=\u00bbtag:p|font_size:33px|text_align:left|color:%23282828|line_height:40px\u00bb][vc_column_text]Los adornos m\u00e1s reconocibles del \u00e1rbol de Navidad son las bolas decorativas multicolores. Aunque tienen un aspecto precioso, son bastante perjudiciales para el medio ambiente. \u00bfPor qu\u00e9 no elegir en su lugar adornos de madera? Con ellos embellecer\u00e1s tu casa y adem\u00e1s har\u00e1s algo bueno por el planeta.[\/vc_column_text][\/vc_column_inner][\/vc_row_inner][\/vc_column][\/vc_row]<\/p>\n<\/div>","protected":false},"excerpt":{"rendered":"<p>Decoraciones de madera de tem\u00e1tica navide\u00f1a. Las formas tradicionales combinadas con la madera clara proporcionan un c\u00e1lido ambiente navide\u00f1o incluso en los interiores m\u00e1s modernos. <\/p>\n","protected":false},"featured_media":12385,"template":"","meta":[],"etheme_brands":[{"term_id":120,"name":"Spira","slug":"spira","term_group":0,"term_taxonomy_id":120,"taxonomy":"brand","description":"Spira es un producto hecho con amor bajo los Alpes. Est\u00e1 hecha a mano por h\u00e1biles artesanos. S\u00f3lo hacemos lo que nos inspira y lo que realmente nos apasiona. Centr\u00e1ndonos en cada detalle, nuestra misi\u00f3n es dise\u00f1ar la perfecci\u00f3n pr\u00e1ctica. Nada se deja al azar.","parent":0,"count":21,"filter":"raw"}],"product_brand":[],"product_cat":[118],"product_tag":[],"class_list":{"0":"post-12362","1":"product","2":"type-product","3":"status-publish","4":"has-post-thumbnail","6":"brand-spira","7":"product_cat-decoracion","9":"first","10":"instock","11":"sale","12":"taxable","13":"shipping-taxable","14":"purchasable","15":"product-type-variable"},"yoast_head":"<!-- This site is optimized with the Yoast SEO plugin v27.4 - https:\/\/yoast.com\/product\/yoast-seo-wordpress\/ -->\n<title>Wood decoration - Woodtales<\/title>\n<meta name=\"robots\" content=\"index, follow, max-snippet:-1, max-image-preview:large, max-video-preview:-1\" \/>\n<link rel=\"canonical\" href=\"https:\/\/woodtales.eu\/es\/product\/decoracion-de-madera\/\" \/>\n<meta property=\"og:locale\" content=\"es_ES\" \/>\n<meta property=\"og:type\" content=\"article\" \/>\n<meta property=\"og:title\" content=\"Wood decoration - Woodtales\" \/>\n<meta property=\"og:description\" content=\"Decoraciones de madera de tem\u00e1tica navide\u00f1a. Las formas tradicionales combinadas con la madera clara proporcionan un c\u00e1lido ambiente navide\u00f1o incluso en los interiores m\u00e1s modernos.\" \/>\n<meta property=\"og:url\" content=\"https:\/\/woodtales.eu\/es\/product\/decoracion-de-madera\/\" \/>\n<meta property=\"og:site_name\" content=\"Woodtales\" \/>\n<meta property=\"article:publisher\" content=\"https:\/\/www.facebook.com\/SpiraChristmasTree\" \/>\n<meta property=\"article:modified_time\" content=\"2025-12-11T11:09:02+00:00\" \/>\n<meta property=\"og:image\" content=\"https:\/\/woodtales.eu\/wp-content\/uploads\/2020\/10\/decoration_wood_01_product.jpg\" \/>\n\t<meta property=\"og:image:width\" content=\"2000\" \/>\n\t<meta property=\"og:image:height\" content=\"1500\" \/>\n\t<meta property=\"og:image:type\" content=\"image\/jpeg\" \/>\n<meta name=\"twitter:card\" content=\"summary_large_image\" \/>\n<meta name=\"twitter:label1\" content=\"Tiempo de lectura\" \/>\n\t<meta name=\"twitter:data1\" content=\"1 minuto\" \/>\n<script type=\"application\/ld+json\" class=\"yoast-schema-graph\">{\"@context\":\"https:\\\/\\\/schema.org\",\"@graph\":[{\"@type\":\"WebPage\",\"@id\":\"https:\\\/\\\/woodtales.eu\\\/es\\\/product\\\/decoracion-de-madera\\\/\",\"url\":\"https:\\\/\\\/woodtales.eu\\\/es\\\/product\\\/decoracion-de-madera\\\/\",\"name\":\"Wood decoration - Woodtales\",\"isPartOf\":{\"@id\":\"https:\\\/\\\/woodtales.eu\\\/es\\\/#website\"},\"primaryImageOfPage\":{\"@id\":\"https:\\\/\\\/woodtales.eu\\\/es\\\/product\\\/decoracion-de-madera\\\/#primaryimage\"},\"image\":{\"@id\":\"https:\\\/\\\/woodtales.eu\\\/es\\\/product\\\/decoracion-de-madera\\\/#primaryimage\"},\"thumbnailUrl\":\"https:\\\/\\\/woodtales.eu\\\/wp-content\\\/uploads\\\/2020\\\/10\\\/decoration_wood_01_product.jpg\",\"datePublished\":\"2020-10-13T21:25:09+00:00\",\"dateModified\":\"2025-12-11T11:09:02+00:00\",\"breadcrumb\":{\"@id\":\"https:\\\/\\\/woodtales.eu\\\/es\\\/product\\\/decoracion-de-madera\\\/#breadcrumb\"},\"inLanguage\":\"es\",\"potentialAction\":[{\"@type\":\"ReadAction\",\"target\":[\"https:\\\/\\\/woodtales.eu\\\/es\\\/product\\\/decoracion-de-madera\\\/\"]}]},{\"@type\":\"ImageObject\",\"inLanguage\":\"es\",\"@id\":\"https:\\\/\\\/woodtales.eu\\\/es\\\/product\\\/decoracion-de-madera\\\/#primaryimage\",\"url\":\"https:\\\/\\\/woodtales.eu\\\/wp-content\\\/uploads\\\/2020\\\/10\\\/decoration_wood_01_product.jpg\",\"contentUrl\":\"https:\\\/\\\/woodtales.eu\\\/wp-content\\\/uploads\\\/2020\\\/10\\\/decoration_wood_01_product.jpg\",\"width\":2000,\"height\":1500},{\"@type\":\"BreadcrumbList\",\"@id\":\"https:\\\/\\\/woodtales.eu\\\/es\\\/product\\\/decoracion-de-madera\\\/#breadcrumb\",\"itemListElement\":[{\"@type\":\"ListItem\",\"position\":1,\"name\":\"Home\",\"item\":\"https:\\\/\\\/woodtales.eu\\\/es\\\/\"},{\"@type\":\"ListItem\",\"position\":2,\"name\":\"Tienda\",\"item\":\"https:\\\/\\\/woodtales.eu\\\/es\\\/tienda\\\/\"},{\"@type\":\"ListItem\",\"position\":3,\"name\":\"Wood decoration\"}]},{\"@type\":\"WebSite\",\"@id\":\"https:\\\/\\\/woodtales.eu\\\/es\\\/#website\",\"url\":\"https:\\\/\\\/woodtales.eu\\\/es\\\/\",\"name\":\"Woodtales\",\"description\":\"\",\"publisher\":{\"@id\":\"https:\\\/\\\/woodtales.eu\\\/es\\\/#organization\"},\"potentialAction\":[{\"@type\":\"SearchAction\",\"target\":{\"@type\":\"EntryPoint\",\"urlTemplate\":\"https:\\\/\\\/woodtales.eu\\\/es\\\/?s={search_term_string}\"},\"query-input\":{\"@type\":\"PropertyValueSpecification\",\"valueRequired\":true,\"valueName\":\"search_term_string\"}}],\"inLanguage\":\"es\"},{\"@type\":\"Organization\",\"@id\":\"https:\\\/\\\/woodtales.eu\\\/es\\\/#organization\",\"name\":\"Woodtales\",\"url\":\"https:\\\/\\\/woodtales.eu\\\/es\\\/\",\"logo\":{\"@type\":\"ImageObject\",\"inLanguage\":\"es\",\"@id\":\"https:\\\/\\\/woodtales.eu\\\/es\\\/#\\\/schema\\\/logo\\\/image\\\/\",\"url\":\"https:\\\/\\\/woodtales.eu\\\/wp-content\\\/uploads\\\/2019\\\/09\\\/cropped-logo-WT_thumbnail.png\",\"contentUrl\":\"https:\\\/\\\/woodtales.eu\\\/wp-content\\\/uploads\\\/2019\\\/09\\\/cropped-logo-WT_thumbnail.png\",\"width\":512,\"height\":512,\"caption\":\"Woodtales\"},\"image\":{\"@id\":\"https:\\\/\\\/woodtales.eu\\\/es\\\/#\\\/schema\\\/logo\\\/image\\\/\"},\"sameAs\":[\"https:\\\/\\\/www.facebook.com\\\/SpiraChristmasTree\",\"https:\\\/\\\/www.instagram.com\\\/woodtales_\\\/\"]}]}<\/script>\n<!-- \/ Yoast SEO plugin. -->","yoast_head_json":{"title":"Wood decoration - Woodtales","robots":{"index":"index","follow":"follow","max-snippet":"max-snippet:-1","max-image-preview":"max-image-preview:large","max-video-preview":"max-video-preview:-1"},"canonical":"https:\/\/woodtales.eu\/es\/product\/decoracion-de-madera\/","og_locale":"es_ES","og_type":"article","og_title":"Wood decoration - Woodtales","og_description":"Decoraciones de madera de tem\u00e1tica navide\u00f1a. Las formas tradicionales combinadas con la madera clara proporcionan un c\u00e1lido ambiente navide\u00f1o incluso en los interiores m\u00e1s modernos.","og_url":"https:\/\/woodtales.eu\/es\/product\/decoracion-de-madera\/","og_site_name":"Woodtales","article_publisher":"https:\/\/www.facebook.com\/SpiraChristmasTree","article_modified_time":"2025-12-11T11:09:02+00:00","og_image":[{"width":2000,"height":1500,"url":"https:\/\/woodtales.eu\/wp-content\/uploads\/2020\/10\/decoration_wood_01_product.jpg","type":"image\/jpeg"}],"twitter_card":"summary_large_image","twitter_misc":{"Tiempo de lectura":"1 minuto"},"schema":{"@context":"https:\/\/schema.org","@graph":[{"@type":"WebPage","@id":"https:\/\/woodtales.eu\/es\/product\/decoracion-de-madera\/","url":"https:\/\/woodtales.eu\/es\/product\/decoracion-de-madera\/","name":"Wood decoration - Woodtales","isPartOf":{"@id":"https:\/\/woodtales.eu\/es\/#website"},"primaryImageOfPage":{"@id":"https:\/\/woodtales.eu\/es\/product\/decoracion-de-madera\/#primaryimage"},"image":{"@id":"https:\/\/woodtales.eu\/es\/product\/decoracion-de-madera\/#primaryimage"},"thumbnailUrl":"https:\/\/woodtales.eu\/wp-content\/uploads\/2020\/10\/decoration_wood_01_product.jpg","datePublished":"2020-10-13T21:25:09+00:00","dateModified":"2025-12-11T11:09:02+00:00","breadcrumb":{"@id":"https:\/\/woodtales.eu\/es\/product\/decoracion-de-madera\/#breadcrumb"},"inLanguage":"es","potentialAction":[{"@type":"ReadAction","target":["https:\/\/woodtales.eu\/es\/product\/decoracion-de-madera\/"]}]},{"@type":"ImageObject","inLanguage":"es","@id":"https:\/\/woodtales.eu\/es\/product\/decoracion-de-madera\/#primaryimage","url":"https:\/\/woodtales.eu\/wp-content\/uploads\/2020\/10\/decoration_wood_01_product.jpg","contentUrl":"https:\/\/woodtales.eu\/wp-content\/uploads\/2020\/10\/decoration_wood_01_product.jpg","width":2000,"height":1500},{"@type":"BreadcrumbList","@id":"https:\/\/woodtales.eu\/es\/product\/decoracion-de-madera\/#breadcrumb","itemListElement":[{"@type":"ListItem","position":1,"name":"Home","item":"https:\/\/woodtales.eu\/es\/"},{"@type":"ListItem","position":2,"name":"Tienda","item":"https:\/\/woodtales.eu\/es\/tienda\/"},{"@type":"ListItem","position":3,"name":"Wood decoration"}]},{"@type":"WebSite","@id":"https:\/\/woodtales.eu\/es\/#website","url":"https:\/\/woodtales.eu\/es\/","name":"Woodtales","description":"","publisher":{"@id":"https:\/\/woodtales.eu\/es\/#organization"},"potentialAction":[{"@type":"SearchAction","target":{"@type":"EntryPoint","urlTemplate":"https:\/\/woodtales.eu\/es\/?s={search_term_string}"},"query-input":{"@type":"PropertyValueSpecification","valueRequired":true,"valueName":"search_term_string"}}],"inLanguage":"es"},{"@type":"Organization","@id":"https:\/\/woodtales.eu\/es\/#organization","name":"Woodtales","url":"https:\/\/woodtales.eu\/es\/","logo":{"@type":"ImageObject","inLanguage":"es","@id":"https:\/\/woodtales.eu\/es\/#\/schema\/logo\/image\/","url":"https:\/\/woodtales.eu\/wp-content\/uploads\/2019\/09\/cropped-logo-WT_thumbnail.png","contentUrl":"https:\/\/woodtales.eu\/wp-content\/uploads\/2019\/09\/cropped-logo-WT_thumbnail.png","width":512,"height":512,"caption":"Woodtales"},"image":{"@id":"https:\/\/woodtales.eu\/es\/#\/schema\/logo\/image\/"},"sameAs":["https:\/\/www.facebook.com\/SpiraChristmasTree","https:\/\/www.instagram.com\/woodtales_\/"]}]}},"_links":{"self":[{"href":"https:\/\/woodtales.eu\/es\/wp-json\/wp\/v2\/product\/12362","targetHints":{"allow":["GET"]}}],"collection":[{"href":"https:\/\/woodtales.eu\/es\/wp-json\/wp\/v2\/product"}],"about":[{"href":"https:\/\/woodtales.eu\/es\/wp-json\/wp\/v2\/types\/product"}],"wp:featuredmedia":[{"embeddable":true,"href":"https:\/\/woodtales.eu\/es\/wp-json\/wp\/v2\/media\/12385"}],"wp:attachment":[{"href":"https:\/\/woodtales.eu\/es\/wp-json\/wp\/v2\/media?parent=12362"}],"wp:term":[{"taxonomy":"brand","embeddable":true,"href":"https:\/\/woodtales.eu\/es\/wp-json\/wp\/v2\/etheme_brands?post=12362"},{"taxonomy":"product_brand","embeddable":true,"href":"https:\/\/woodtales.eu\/es\/wp-json\/wp\/v2\/product_brand?post=12362"},{"taxonomy":"product_cat","embeddable":true,"href":"https:\/\/woodtales.eu\/es\/wp-json\/wp\/v2\/product_cat?post=12362"},{"taxonomy":"product_tag","embeddable":true,"href":"https:\/\/woodtales.eu\/es\/wp-json\/wp\/v2\/product_tag?post=12362"}],"curies":[{"name":"wp","href":"https:\/\/api.w.org\/{rel}","templated":true}]}}