{"id":5307,"date":"2020-10-14T15:32:05","date_gmt":"2020-10-14T13:32:05","guid":{"rendered":"https:\/\/woodtales.eu\/story\/"},"modified":"2025-12-12T10:46:55","modified_gmt":"2025-12-12T09:46:55","slug":"zgodba","status":"publish","type":"page","link":"https:\/\/woodtales.eu\/sl\/zgodba\/","title":{"rendered":"Zgodba"},"content":{"rendered":"<div class=\"wpb-content-wrapper\"><p>[vc_row][vc_column][vc_empty_space height=&#8221;150px&#8221;][vc_custom_heading text=&#8221;ZGODBA TREH STRASTI&#8221; font_container=&#8221;tag:h1|text_align:center&#8221; use_theme_fonts=&#8221;yes&#8221;][vc_empty_space height=&#8221;30px&#8221;][vc_single_image image=&#8221;5367&#8243; img_size=&#8221;large&#8221; alignment=&#8221;center&#8221;][vc_custom_heading text=&#8221;Les \u2219 Oblikovanje \u2219 Uporabnost&#8221; font_container=&#8221;tag:h2|text_align:center&#8221; use_theme_fonts=&#8221;yes&#8221;][vc_column_text]Na za\u010detku je bil les. Darilo narave, \u017eiv organizem in vir pre\u017eivetja na\u0161ih pradedov. Les, ki\u00a0 je kmalu postal svetloba in ogenj. Toplota. Surovina za ustvarjanje. Ljudje so se \u017ee zgodaj zavedali njegovega pomena in vsestranske uporabnosti. Ljudje so les preprosto \u2013 \u010dutili.<\/p>\n<p>Mi ga \u010dutimo \u0161e danes. Zavedamo se njegove posebne energije in neopisljive toplote. Spo\u0161tujemo njegov izvor, mo\u010d in \u017eivljenje, ki ga nosi v sebi. V objemu Alp \u017eivimo z njim. Z lesom gremo spat in z njim vstanemo. Ustvarjamo uporabne izdelke za bivanje in njegovo lepoto lovimo v ve\u010dnost. Izro\u010dilo svojih prednikov prepletamo s sodobnimi trendi in to je na\u0161e poslanstvo. To je na\u0161a zgodba, na\u0161 navdih in na\u0161 prispevek materi Naravi.[\/vc_column_text][vc_custom_heading text=&#8221;Okolju prijazno&#8221; font_container=&#8221;tag:h3|text_align:center&#8221; use_theme_fonts=&#8221;yes&#8221;][vc_column_text css=&#8221;&#8221;]Vsi na\u0161i izdelki so okolju prijazni. Izdelujejo jih ljudje, ki jih poznamo, les pa prihaja iz z lesom bogatih dr\u017eav. Ve\u010dina izdelkov bo k vam pri\u0161la v kartonski embala\u017ei brez plastike in drugih umetnih materialov. Trudimo se, da pri po\u0161iljanju optimiziramo prostornino vsakega paketa in tako zmanj\u0161amo oglji\u010dni odtis na minimum.[\/vc_column_text][vc_custom_heading text=&#8221;Podatki podjetja&#8221; font_container=&#8221;tag:h3|text_align:center&#8221; use_theme_fonts=&#8221;yes&#8221; css=&#8221;&#8221;][vc_column_text css=&#8221;&#8221;]<\/p>\n<p style=\"text-align: center;\"><strong>Zajc design d.o.o.<\/strong><br \/>\nPod Plevno 55, 4220 \u0160kofja Loka, Slovenija<br \/>\nSI31570623\u00a0 |\u00a0 M\u0160: 5345574000<\/p>\n<p><\/p>\n<p style=\"text-align: center;\">info@woodtales.eu<br \/>\n0038668186194<\/p>\n<p>[\/vc_column_text][vc_single_image image=&#8221;6961&#8243; img_size=&#8221;FULL&#8221; alignment=&#8221;center&#8221;][vc_empty_space][vc_separator color=&#8221;chino&#8221;][\/vc_column][\/vc_row]<\/p>\n<\/div>","protected":false},"excerpt":{"rendered":"<p>[vc_row][vc_column][vc_empty_space height=&#8221;150px&#8221;][vc_custom_heading text=&#8221;ZGODBA TREH STRASTI&#8221; font_container=&#8221;tag:h1|text_align:center&#8221; use_theme_fonts=&#8221;yes&#8221;][vc_empty_space height=&#8221;30px&#8221;][vc_single_image image=&#8221;5367&#8243; img_size=&#8221;large&#8221; alignment=&#8221;center&#8221;][vc_custom_heading text=&#8221;Les \u2219 Oblikovanje \u2219 Uporabnost&#8221; font_container=&#8221;tag:h2|text_align:center&#8221; use_theme_fonts=&#8221;yes&#8221;][vc_column_text]Na za\u010detku je bil les. Darilo narave, \u017eiv organizem in vir pre\u017eivetja na\u0161ih pradedov. Les, ki\u00a0 je kmalu postal svetloba in ogenj. Toplota. Surovina za ustvarjanje. Ljudje so se \u017ee zgodaj zavedali njegovega pomena in vsestranske uporabnosti. Ljudje so les preprosto \u2013 \u010dutili. Mi ga \u010dutimo \u0161e danes. Zavedamo se njegove posebne energije in neopisljive toplote. Spo\u0161tujemo njegov izvor, mo\u010d in \u017eivljenje, ki ga nosi v sebi. V objemu Alp \u017eivimo z njim. Z lesom gremo spat in z njim vstanemo. Ustvarjamo uporabne&#8230;<\/p>\n","protected":false},"author":1,"featured_media":0,"parent":0,"menu_order":0,"comment_status":"closed","ping_status":"closed","template":"","meta":{"footnotes":""},"class_list":["post-5307","page","type-page","status-publish","hentry"],"yoast_head":"<!-- This site is optimized with the Yoast SEO plugin v27.5 - https:\/\/yoast.com\/product\/yoast-seo-wordpress\/ -->\n<title>Zgodba - Woodtales<\/title>\n<meta name=\"robots\" content=\"index, follow, max-snippet:-1, max-image-preview:large, max-video-preview:-1\" \/>\n<link rel=\"canonical\" href=\"https:\/\/woodtales.eu\/sl\/zgodba\/\" \/>\n<meta property=\"og:locale\" content=\"sl_SI\" \/>\n<meta property=\"og:type\" content=\"article\" \/>\n<meta property=\"og:title\" content=\"Zgodba - Woodtales\" \/>\n<meta property=\"og:description\" content=\"[vc_row][vc_column][vc_empty_space height=&#8221;150px&#8221;][vc_custom_heading text=&#8221;ZGODBA TREH STRASTI&#8221; font_container=&#8221;tag:h1|text_align:center&#8221; use_theme_fonts=&#8221;yes&#8221;][vc_empty_space height=&#8221;30px&#8221;][vc_single_image image=&#8221;5367&#8243; img_size=&#8221;large&#8221; alignment=&#8221;center&#8221;][vc_custom_heading text=&#8221;Les \u2219 Oblikovanje \u2219 Uporabnost&#8221; font_container=&#8221;tag:h2|text_align:center&#8221; use_theme_fonts=&#8221;yes&#8221;][vc_column_text]Na za\u010detku je bil les. Darilo narave, \u017eiv organizem in vir pre\u017eivetja na\u0161ih pradedov. Les, ki\u00a0 je kmalu postal svetloba in ogenj. Toplota. Surovina za ustvarjanje. Ljudje so se \u017ee zgodaj zavedali njegovega pomena in vsestranske uporabnosti. Ljudje so les preprosto \u2013 \u010dutili. Mi ga \u010dutimo \u0161e danes. Zavedamo se njegove posebne energije in neopisljive toplote. Spo\u0161tujemo njegov izvor, mo\u010d in \u017eivljenje, ki ga nosi v sebi. V objemu Alp \u017eivimo z njim. Z lesom gremo spat in z njim vstanemo. Ustvarjamo uporabne...\" \/>\n<meta property=\"og:url\" content=\"https:\/\/woodtales.eu\/sl\/zgodba\/\" \/>\n<meta property=\"og:site_name\" content=\"Woodtales\" \/>\n<meta property=\"article:publisher\" content=\"https:\/\/www.facebook.com\/SpiraChristmasTree\" \/>\n<meta property=\"article:modified_time\" content=\"2025-12-12T09:46:55+00:00\" \/>\n<meta property=\"og:image\" content=\"https:\/\/woodtales.eu\/wp-content\/uploads\/2019\/09\/cropped-logo-WT_thumbnail.png\" \/>\n\t<meta property=\"og:image:width\" content=\"512\" \/>\n\t<meta property=\"og:image:height\" content=\"512\" \/>\n\t<meta property=\"og:image:type\" content=\"image\/png\" \/>\n<meta name=\"twitter:card\" content=\"summary_large_image\" \/>\n<meta name=\"twitter:label1\" content=\"Est. reading time\" \/>\n\t<meta name=\"twitter:data1\" content=\"2 minuti\" \/>\n<script type=\"application\/ld+json\" class=\"yoast-schema-graph\">{\"@context\":\"https:\\\/\\\/schema.org\",\"@graph\":[{\"@type\":\"WebPage\",\"@id\":\"https:\\\/\\\/woodtales.eu\\\/sl\\\/zgodba\\\/\",\"url\":\"https:\\\/\\\/woodtales.eu\\\/sl\\\/zgodba\\\/\",\"name\":\"Zgodba - Woodtales\",\"isPartOf\":{\"@id\":\"https:\\\/\\\/woodtales.eu\\\/sl\\\/#website\"},\"datePublished\":\"2020-10-14T13:32:05+00:00\",\"dateModified\":\"2025-12-12T09:46:55+00:00\",\"breadcrumb\":{\"@id\":\"https:\\\/\\\/woodtales.eu\\\/sl\\\/zgodba\\\/#breadcrumb\"},\"inLanguage\":\"sl-SI\",\"potentialAction\":[{\"@type\":\"ReadAction\",\"target\":[\"https:\\\/\\\/woodtales.eu\\\/sl\\\/zgodba\\\/\"]}]},{\"@type\":\"BreadcrumbList\",\"@id\":\"https:\\\/\\\/woodtales.eu\\\/sl\\\/zgodba\\\/#breadcrumb\",\"itemListElement\":[{\"@type\":\"ListItem\",\"position\":1,\"name\":\"Home\",\"item\":\"https:\\\/\\\/woodtales.eu\\\/sl\\\/\"},{\"@type\":\"ListItem\",\"position\":2,\"name\":\"Zgodba\"}]},{\"@type\":\"WebSite\",\"@id\":\"https:\\\/\\\/woodtales.eu\\\/sl\\\/#website\",\"url\":\"https:\\\/\\\/woodtales.eu\\\/sl\\\/\",\"name\":\"Woodtales\",\"description\":\"\",\"publisher\":{\"@id\":\"https:\\\/\\\/woodtales.eu\\\/sl\\\/#organization\"},\"potentialAction\":[{\"@type\":\"SearchAction\",\"target\":{\"@type\":\"EntryPoint\",\"urlTemplate\":\"https:\\\/\\\/woodtales.eu\\\/sl\\\/?s={search_term_string}\"},\"query-input\":{\"@type\":\"PropertyValueSpecification\",\"valueRequired\":true,\"valueName\":\"search_term_string\"}}],\"inLanguage\":\"sl-SI\"},{\"@type\":\"Organization\",\"@id\":\"https:\\\/\\\/woodtales.eu\\\/sl\\\/#organization\",\"name\":\"Woodtales\",\"url\":\"https:\\\/\\\/woodtales.eu\\\/sl\\\/\",\"logo\":{\"@type\":\"ImageObject\",\"inLanguage\":\"sl-SI\",\"@id\":\"https:\\\/\\\/woodtales.eu\\\/sl\\\/#\\\/schema\\\/logo\\\/image\\\/\",\"url\":\"https:\\\/\\\/woodtales.eu\\\/wp-content\\\/uploads\\\/2019\\\/09\\\/cropped-logo-WT_thumbnail.png\",\"contentUrl\":\"https:\\\/\\\/woodtales.eu\\\/wp-content\\\/uploads\\\/2019\\\/09\\\/cropped-logo-WT_thumbnail.png\",\"width\":512,\"height\":512,\"caption\":\"Woodtales\"},\"image\":{\"@id\":\"https:\\\/\\\/woodtales.eu\\\/sl\\\/#\\\/schema\\\/logo\\\/image\\\/\"},\"sameAs\":[\"https:\\\/\\\/www.facebook.com\\\/SpiraChristmasTree\",\"https:\\\/\\\/www.instagram.com\\\/woodtales_\\\/\"]}]}<\/script>\n<!-- \/ Yoast SEO plugin. -->","yoast_head_json":{"title":"Zgodba - Woodtales","robots":{"index":"index","follow":"follow","max-snippet":"max-snippet:-1","max-image-preview":"max-image-preview:large","max-video-preview":"max-video-preview:-1"},"canonical":"https:\/\/woodtales.eu\/sl\/zgodba\/","og_locale":"sl_SI","og_type":"article","og_title":"Zgodba - Woodtales","og_description":"[vc_row][vc_column][vc_empty_space height=&#8221;150px&#8221;][vc_custom_heading text=&#8221;ZGODBA TREH STRASTI&#8221; font_container=&#8221;tag:h1|text_align:center&#8221; use_theme_fonts=&#8221;yes&#8221;][vc_empty_space height=&#8221;30px&#8221;][vc_single_image image=&#8221;5367&#8243; img_size=&#8221;large&#8221; alignment=&#8221;center&#8221;][vc_custom_heading text=&#8221;Les \u2219 Oblikovanje \u2219 Uporabnost&#8221; font_container=&#8221;tag:h2|text_align:center&#8221; use_theme_fonts=&#8221;yes&#8221;][vc_column_text]Na za\u010detku je bil les. Darilo narave, \u017eiv organizem in vir pre\u017eivetja na\u0161ih pradedov. Les, ki\u00a0 je kmalu postal svetloba in ogenj. Toplota. Surovina za ustvarjanje. Ljudje so se \u017ee zgodaj zavedali njegovega pomena in vsestranske uporabnosti. Ljudje so les preprosto \u2013 \u010dutili. Mi ga \u010dutimo \u0161e danes. Zavedamo se njegove posebne energije in neopisljive toplote. Spo\u0161tujemo njegov izvor, mo\u010d in \u017eivljenje, ki ga nosi v sebi. V objemu Alp \u017eivimo z njim. Z lesom gremo spat in z njim vstanemo. Ustvarjamo uporabne...","og_url":"https:\/\/woodtales.eu\/sl\/zgodba\/","og_site_name":"Woodtales","article_publisher":"https:\/\/www.facebook.com\/SpiraChristmasTree","article_modified_time":"2025-12-12T09:46:55+00:00","og_image":[{"width":512,"height":512,"url":"https:\/\/woodtales.eu\/wp-content\/uploads\/2019\/09\/cropped-logo-WT_thumbnail.png","type":"image\/png"}],"twitter_card":"summary_large_image","twitter_misc":{"Est. reading time":"2 minuti"},"schema":{"@context":"https:\/\/schema.org","@graph":[{"@type":"WebPage","@id":"https:\/\/woodtales.eu\/sl\/zgodba\/","url":"https:\/\/woodtales.eu\/sl\/zgodba\/","name":"Zgodba - Woodtales","isPartOf":{"@id":"https:\/\/woodtales.eu\/sl\/#website"},"datePublished":"2020-10-14T13:32:05+00:00","dateModified":"2025-12-12T09:46:55+00:00","breadcrumb":{"@id":"https:\/\/woodtales.eu\/sl\/zgodba\/#breadcrumb"},"inLanguage":"sl-SI","potentialAction":[{"@type":"ReadAction","target":["https:\/\/woodtales.eu\/sl\/zgodba\/"]}]},{"@type":"BreadcrumbList","@id":"https:\/\/woodtales.eu\/sl\/zgodba\/#breadcrumb","itemListElement":[{"@type":"ListItem","position":1,"name":"Home","item":"https:\/\/woodtales.eu\/sl\/"},{"@type":"ListItem","position":2,"name":"Zgodba"}]},{"@type":"WebSite","@id":"https:\/\/woodtales.eu\/sl\/#website","url":"https:\/\/woodtales.eu\/sl\/","name":"Woodtales","description":"","publisher":{"@id":"https:\/\/woodtales.eu\/sl\/#organization"},"potentialAction":[{"@type":"SearchAction","target":{"@type":"EntryPoint","urlTemplate":"https:\/\/woodtales.eu\/sl\/?s={search_term_string}"},"query-input":{"@type":"PropertyValueSpecification","valueRequired":true,"valueName":"search_term_string"}}],"inLanguage":"sl-SI"},{"@type":"Organization","@id":"https:\/\/woodtales.eu\/sl\/#organization","name":"Woodtales","url":"https:\/\/woodtales.eu\/sl\/","logo":{"@type":"ImageObject","inLanguage":"sl-SI","@id":"https:\/\/woodtales.eu\/sl\/#\/schema\/logo\/image\/","url":"https:\/\/woodtales.eu\/wp-content\/uploads\/2019\/09\/cropped-logo-WT_thumbnail.png","contentUrl":"https:\/\/woodtales.eu\/wp-content\/uploads\/2019\/09\/cropped-logo-WT_thumbnail.png","width":512,"height":512,"caption":"Woodtales"},"image":{"@id":"https:\/\/woodtales.eu\/sl\/#\/schema\/logo\/image\/"},"sameAs":["https:\/\/www.facebook.com\/SpiraChristmasTree","https:\/\/www.instagram.com\/woodtales_\/"]}]}},"_links":{"self":[{"href":"https:\/\/woodtales.eu\/sl\/wp-json\/wp\/v2\/pages\/5307","targetHints":{"allow":["GET"]}}],"collection":[{"href":"https:\/\/woodtales.eu\/sl\/wp-json\/wp\/v2\/pages"}],"about":[{"href":"https:\/\/woodtales.eu\/sl\/wp-json\/wp\/v2\/types\/page"}],"author":[{"embeddable":true,"href":"https:\/\/woodtales.eu\/sl\/wp-json\/wp\/v2\/users\/1"}],"replies":[{"embeddable":true,"href":"https:\/\/woodtales.eu\/sl\/wp-json\/wp\/v2\/comments?post=5307"}],"version-history":[{"count":40,"href":"https:\/\/woodtales.eu\/sl\/wp-json\/wp\/v2\/pages\/5307\/revisions"}],"predecessor-version":[{"id":12662,"href":"https:\/\/woodtales.eu\/sl\/wp-json\/wp\/v2\/pages\/5307\/revisions\/12662"}],"wp:attachment":[{"href":"https:\/\/woodtales.eu\/sl\/wp-json\/wp\/v2\/media?parent=5307"}],"curies":[{"name":"wp","href":"https:\/\/api.w.org\/{rel}","templated":true}]}}