{"id":5613,"date":"2020-10-18T00:39:17","date_gmt":"2020-10-17T22:39:17","guid":{"rendered":"https:\/\/woodtales.eu\/?post_type=product&#038;p=5613"},"modified":"2025-11-08T21:04:26","modified_gmt":"2025-11-08T20:04:26","slug":"mix-decoration-set","status":"publish","type":"product","link":"https:\/\/woodtales.eu\/sl\/product\/mix-decoration-set\/","title":{"rendered":"MIX decoration set"},"content":{"rendered":"<div class=\"wpb-content-wrapper\"><p>[vc_row][vc_column][vc_column_text]Komplet vklju\u010duje leseno zvezdo in ustrezno \u0161tevilo okraskov iz rde\u010dega filca ter lesa. Vrvice za obe\u0161anje so prilo\u017eene. <\/p>\n<p>KOMPLET NE VSEBUJE BO\u017dI\u010cNEGA DREVESA SPIRA.[\/vc_column_text][vc_row_inner et_uniqid=&#8221;et_custom_uniqid_5f73154db5def&#8221; css=&#8221;.vc_custom_1601404308630{margin-right: 5px !important;margin-bottom: 32px !important;margin-left: 5px !important;padding-top: 0px !important;padding-right: 20px !important;padding-bottom: 0px !important;padding-left: 20px !important;background-color: #ffffff !important;}&#8221; _et_uniqid=&#8221;et_custom_uniqid_new_5f737d8e1b2be&#8221;][vc_column_inner][vc_custom_heading text=&#8221;Ali ste vedeli?&#8221; font_container=&#8221;tag:p|font_size:33px|text_align:left|color:%23282828|line_height:40px&#8221;][vc_column_text]Rde\u010da je tradicionalna bo\u017ei\u010dna barva. To izhaja iz preteklosti, ko so ljudje za okra\u0161evanje bo\u017ei\u010dnih dreves uporabljali posu\u0161ene gozdne sade\u017ee. Rde\u010d filc v kombinaciji s svetlim lesom ustvarja toplo atmosfero za nepozabne praznike.[\/vc_column_text][\/vc_column_inner][\/vc_row_inner][\/vc_column][\/vc_row]<\/p>\n<\/div>","protected":false},"excerpt":{"rendered":"<p>Edini komplet okraskov, ki ga potrebujete. Me\u0161anica okraskov iz filca in lesa je primerna za vse velikosti bo\u017ei\u010dnih dreves Spira. Naravni materiali dinami\u010dnih oblik bodo v va\u0161 dom vnesli toplino in veselje, rde\u010da barva pa bo poskrbela za \u017eivahno prazni\u010dno razpolo\u017eenje.  <\/p>\n","protected":false},"featured_media":5896,"template":"","meta":[],"etheme_brands":[{"term_id":98,"name":"Spira","slug":"spira-sl","term_group":0,"term_taxonomy_id":98,"taxonomy":"brand","description":"","parent":0,"count":21,"filter":"raw"}],"product_brand":[],"product_cat":[50],"product_tag":[],"class_list":{"0":"post-5613","1":"product","2":"type-product","3":"status-publish","4":"has-post-thumbnail","6":"brand-spira-sl","7":"product_cat-decoration-sl","9":"first","10":"instock","11":"sale","12":"taxable","13":"shipping-taxable","14":"purchasable","15":"product-type-variable"},"yoast_head":"<!-- This site is optimized with the Yoast SEO plugin v27.4 - https:\/\/yoast.com\/product\/yoast-seo-wordpress\/ -->\n<title>MIX decoration set - Woodtales<\/title>\n<meta name=\"robots\" content=\"index, follow, max-snippet:-1, max-image-preview:large, max-video-preview:-1\" \/>\n<link rel=\"canonical\" href=\"https:\/\/woodtales.eu\/sl\/product\/mix-decoration-set\/\" \/>\n<meta property=\"og:locale\" content=\"sl_SI\" \/>\n<meta property=\"og:type\" content=\"article\" \/>\n<meta property=\"og:title\" content=\"MIX decoration set - Woodtales\" \/>\n<meta property=\"og:description\" content=\"Edini komplet okraskov, ki ga potrebujete. Me\u0161anica okraskov iz filca in lesa je primerna za vse velikosti bo\u017ei\u010dnih dreves Spira. Naravni materiali dinami\u010dnih oblik bodo v va\u0161 dom vnesli toplino in veselje, rde\u010da barva pa bo poskrbela za \u017eivahno prazni\u010dno razpolo\u017eenje.\" \/>\n<meta property=\"og:url\" content=\"https:\/\/woodtales.eu\/sl\/product\/mix-decoration-set\/\" \/>\n<meta property=\"og:site_name\" content=\"Woodtales\" \/>\n<meta property=\"article:publisher\" content=\"https:\/\/www.facebook.com\/SpiraChristmasTree\" \/>\n<meta property=\"article:modified_time\" content=\"2025-11-08T20:04:26+00:00\" \/>\n<meta property=\"og:image\" content=\"https:\/\/woodtales.eu\/wp-content\/uploads\/2020\/10\/combo_mix_01_product.jpg\" \/>\n\t<meta property=\"og:image:width\" content=\"2000\" \/>\n\t<meta property=\"og:image:height\" content=\"1500\" \/>\n\t<meta property=\"og:image:type\" content=\"image\/jpeg\" \/>\n<meta name=\"twitter:card\" content=\"summary_large_image\" \/>\n<meta name=\"twitter:label1\" content=\"Est. reading time\" \/>\n\t<meta name=\"twitter:data1\" content=\"1 minuta\" \/>\n<script type=\"application\/ld+json\" class=\"yoast-schema-graph\">{\"@context\":\"https:\\\/\\\/schema.org\",\"@graph\":[{\"@type\":\"WebPage\",\"@id\":\"https:\\\/\\\/woodtales.eu\\\/sl\\\/product\\\/mix-decoration-set\\\/\",\"url\":\"https:\\\/\\\/woodtales.eu\\\/sl\\\/product\\\/mix-decoration-set\\\/\",\"name\":\"MIX decoration set - Woodtales\",\"isPartOf\":{\"@id\":\"https:\\\/\\\/woodtales.eu\\\/sl\\\/#website\"},\"primaryImageOfPage\":{\"@id\":\"https:\\\/\\\/woodtales.eu\\\/sl\\\/product\\\/mix-decoration-set\\\/#primaryimage\"},\"image\":{\"@id\":\"https:\\\/\\\/woodtales.eu\\\/sl\\\/product\\\/mix-decoration-set\\\/#primaryimage\"},\"thumbnailUrl\":\"https:\\\/\\\/woodtales.eu\\\/wp-content\\\/uploads\\\/2020\\\/10\\\/combo_mix_01_product.jpg\",\"datePublished\":\"2020-10-17T22:39:17+00:00\",\"dateModified\":\"2025-11-08T20:04:26+00:00\",\"breadcrumb\":{\"@id\":\"https:\\\/\\\/woodtales.eu\\\/sl\\\/product\\\/mix-decoration-set\\\/#breadcrumb\"},\"inLanguage\":\"sl-SI\",\"potentialAction\":[{\"@type\":\"ReadAction\",\"target\":[\"https:\\\/\\\/woodtales.eu\\\/sl\\\/product\\\/mix-decoration-set\\\/\"]}]},{\"@type\":\"ImageObject\",\"inLanguage\":\"sl-SI\",\"@id\":\"https:\\\/\\\/woodtales.eu\\\/sl\\\/product\\\/mix-decoration-set\\\/#primaryimage\",\"url\":\"https:\\\/\\\/woodtales.eu\\\/wp-content\\\/uploads\\\/2020\\\/10\\\/combo_mix_01_product.jpg\",\"contentUrl\":\"https:\\\/\\\/woodtales.eu\\\/wp-content\\\/uploads\\\/2020\\\/10\\\/combo_mix_01_product.jpg\",\"width\":2000,\"height\":1500},{\"@type\":\"BreadcrumbList\",\"@id\":\"https:\\\/\\\/woodtales.eu\\\/sl\\\/product\\\/mix-decoration-set\\\/#breadcrumb\",\"itemListElement\":[{\"@type\":\"ListItem\",\"position\":1,\"name\":\"Home\",\"item\":\"https:\\\/\\\/woodtales.eu\\\/sl\\\/\"},{\"@type\":\"ListItem\",\"position\":2,\"name\":\"Trgovina\",\"item\":\"https:\\\/\\\/woodtales.eu\\\/shop\\\/\"},{\"@type\":\"ListItem\",\"position\":3,\"name\":\"MIX decoration set\"}]},{\"@type\":\"WebSite\",\"@id\":\"https:\\\/\\\/woodtales.eu\\\/sl\\\/#website\",\"url\":\"https:\\\/\\\/woodtales.eu\\\/sl\\\/\",\"name\":\"Woodtales\",\"description\":\"\",\"publisher\":{\"@id\":\"https:\\\/\\\/woodtales.eu\\\/sl\\\/#organization\"},\"potentialAction\":[{\"@type\":\"SearchAction\",\"target\":{\"@type\":\"EntryPoint\",\"urlTemplate\":\"https:\\\/\\\/woodtales.eu\\\/sl\\\/?s={search_term_string}\"},\"query-input\":{\"@type\":\"PropertyValueSpecification\",\"valueRequired\":true,\"valueName\":\"search_term_string\"}}],\"inLanguage\":\"sl-SI\"},{\"@type\":\"Organization\",\"@id\":\"https:\\\/\\\/woodtales.eu\\\/sl\\\/#organization\",\"name\":\"Woodtales\",\"url\":\"https:\\\/\\\/woodtales.eu\\\/sl\\\/\",\"logo\":{\"@type\":\"ImageObject\",\"inLanguage\":\"sl-SI\",\"@id\":\"https:\\\/\\\/woodtales.eu\\\/sl\\\/#\\\/schema\\\/logo\\\/image\\\/\",\"url\":\"https:\\\/\\\/woodtales.eu\\\/wp-content\\\/uploads\\\/2019\\\/09\\\/cropped-logo-WT_thumbnail.png\",\"contentUrl\":\"https:\\\/\\\/woodtales.eu\\\/wp-content\\\/uploads\\\/2019\\\/09\\\/cropped-logo-WT_thumbnail.png\",\"width\":512,\"height\":512,\"caption\":\"Woodtales\"},\"image\":{\"@id\":\"https:\\\/\\\/woodtales.eu\\\/sl\\\/#\\\/schema\\\/logo\\\/image\\\/\"},\"sameAs\":[\"https:\\\/\\\/www.facebook.com\\\/SpiraChristmasTree\",\"https:\\\/\\\/www.instagram.com\\\/woodtales_\\\/\"]}]}<\/script>\n<!-- \/ Yoast SEO plugin. -->","yoast_head_json":{"title":"MIX decoration set - Woodtales","robots":{"index":"index","follow":"follow","max-snippet":"max-snippet:-1","max-image-preview":"max-image-preview:large","max-video-preview":"max-video-preview:-1"},"canonical":"https:\/\/woodtales.eu\/sl\/product\/mix-decoration-set\/","og_locale":"sl_SI","og_type":"article","og_title":"MIX decoration set - Woodtales","og_description":"Edini komplet okraskov, ki ga potrebujete. Me\u0161anica okraskov iz filca in lesa je primerna za vse velikosti bo\u017ei\u010dnih dreves Spira. Naravni materiali dinami\u010dnih oblik bodo v va\u0161 dom vnesli toplino in veselje, rde\u010da barva pa bo poskrbela za \u017eivahno prazni\u010dno razpolo\u017eenje.","og_url":"https:\/\/woodtales.eu\/sl\/product\/mix-decoration-set\/","og_site_name":"Woodtales","article_publisher":"https:\/\/www.facebook.com\/SpiraChristmasTree","article_modified_time":"2025-11-08T20:04:26+00:00","og_image":[{"width":2000,"height":1500,"url":"https:\/\/woodtales.eu\/wp-content\/uploads\/2020\/10\/combo_mix_01_product.jpg","type":"image\/jpeg"}],"twitter_card":"summary_large_image","twitter_misc":{"Est. reading time":"1 minuta"},"schema":{"@context":"https:\/\/schema.org","@graph":[{"@type":"WebPage","@id":"https:\/\/woodtales.eu\/sl\/product\/mix-decoration-set\/","url":"https:\/\/woodtales.eu\/sl\/product\/mix-decoration-set\/","name":"MIX decoration set - Woodtales","isPartOf":{"@id":"https:\/\/woodtales.eu\/sl\/#website"},"primaryImageOfPage":{"@id":"https:\/\/woodtales.eu\/sl\/product\/mix-decoration-set\/#primaryimage"},"image":{"@id":"https:\/\/woodtales.eu\/sl\/product\/mix-decoration-set\/#primaryimage"},"thumbnailUrl":"https:\/\/woodtales.eu\/wp-content\/uploads\/2020\/10\/combo_mix_01_product.jpg","datePublished":"2020-10-17T22:39:17+00:00","dateModified":"2025-11-08T20:04:26+00:00","breadcrumb":{"@id":"https:\/\/woodtales.eu\/sl\/product\/mix-decoration-set\/#breadcrumb"},"inLanguage":"sl-SI","potentialAction":[{"@type":"ReadAction","target":["https:\/\/woodtales.eu\/sl\/product\/mix-decoration-set\/"]}]},{"@type":"ImageObject","inLanguage":"sl-SI","@id":"https:\/\/woodtales.eu\/sl\/product\/mix-decoration-set\/#primaryimage","url":"https:\/\/woodtales.eu\/wp-content\/uploads\/2020\/10\/combo_mix_01_product.jpg","contentUrl":"https:\/\/woodtales.eu\/wp-content\/uploads\/2020\/10\/combo_mix_01_product.jpg","width":2000,"height":1500},{"@type":"BreadcrumbList","@id":"https:\/\/woodtales.eu\/sl\/product\/mix-decoration-set\/#breadcrumb","itemListElement":[{"@type":"ListItem","position":1,"name":"Home","item":"https:\/\/woodtales.eu\/sl\/"},{"@type":"ListItem","position":2,"name":"Trgovina","item":"https:\/\/woodtales.eu\/shop\/"},{"@type":"ListItem","position":3,"name":"MIX decoration set"}]},{"@type":"WebSite","@id":"https:\/\/woodtales.eu\/sl\/#website","url":"https:\/\/woodtales.eu\/sl\/","name":"Woodtales","description":"","publisher":{"@id":"https:\/\/woodtales.eu\/sl\/#organization"},"potentialAction":[{"@type":"SearchAction","target":{"@type":"EntryPoint","urlTemplate":"https:\/\/woodtales.eu\/sl\/?s={search_term_string}"},"query-input":{"@type":"PropertyValueSpecification","valueRequired":true,"valueName":"search_term_string"}}],"inLanguage":"sl-SI"},{"@type":"Organization","@id":"https:\/\/woodtales.eu\/sl\/#organization","name":"Woodtales","url":"https:\/\/woodtales.eu\/sl\/","logo":{"@type":"ImageObject","inLanguage":"sl-SI","@id":"https:\/\/woodtales.eu\/sl\/#\/schema\/logo\/image\/","url":"https:\/\/woodtales.eu\/wp-content\/uploads\/2019\/09\/cropped-logo-WT_thumbnail.png","contentUrl":"https:\/\/woodtales.eu\/wp-content\/uploads\/2019\/09\/cropped-logo-WT_thumbnail.png","width":512,"height":512,"caption":"Woodtales"},"image":{"@id":"https:\/\/woodtales.eu\/sl\/#\/schema\/logo\/image\/"},"sameAs":["https:\/\/www.facebook.com\/SpiraChristmasTree","https:\/\/www.instagram.com\/woodtales_\/"]}]}},"_links":{"self":[{"href":"https:\/\/woodtales.eu\/sl\/wp-json\/wp\/v2\/product\/5613","targetHints":{"allow":["GET"]}}],"collection":[{"href":"https:\/\/woodtales.eu\/sl\/wp-json\/wp\/v2\/product"}],"about":[{"href":"https:\/\/woodtales.eu\/sl\/wp-json\/wp\/v2\/types\/product"}],"wp:featuredmedia":[{"embeddable":true,"href":"https:\/\/woodtales.eu\/sl\/wp-json\/wp\/v2\/media\/5896"}],"wp:attachment":[{"href":"https:\/\/woodtales.eu\/sl\/wp-json\/wp\/v2\/media?parent=5613"}],"wp:term":[{"taxonomy":"brand","embeddable":true,"href":"https:\/\/woodtales.eu\/sl\/wp-json\/wp\/v2\/etheme_brands?post=5613"},{"taxonomy":"product_brand","embeddable":true,"href":"https:\/\/woodtales.eu\/sl\/wp-json\/wp\/v2\/product_brand?post=5613"},{"taxonomy":"product_cat","embeddable":true,"href":"https:\/\/woodtales.eu\/sl\/wp-json\/wp\/v2\/product_cat?post=5613"},{"taxonomy":"product_tag","embeddable":true,"href":"https:\/\/woodtales.eu\/sl\/wp-json\/wp\/v2\/product_tag?post=5613"}],"curies":[{"name":"wp","href":"https:\/\/api.w.org\/{rel}","templated":true}]}}