{"id":8023,"date":"2024-11-01T00:44:16","date_gmt":"2024-10-31T23:44:17","guid":{"rendered":"https:\/\/woodtales.eu\/?post_type=product&#038;p=8023"},"modified":"2025-11-08T20:46:48","modified_gmt":"2025-11-08T19:46:48","slug":"pop-out-hanger-quirky-quatre","status":"publish","type":"product","link":"https:\/\/woodtales.eu\/sl\/product\/pop-out-hanger-quirky-quatre\/","title":{"rendered":"POP-out hanger Quirky Quatre"},"content":{"rendered":"<div class=\"wpb-content-wrapper\"><p>[vc_row][vc_column][vc_column_text css_animation=&#8221;none&#8221; css=&#8221;&#8221;]Obe\u0161alniki so zasnovani za enostavno in hitro sestavljanje, kar zagotavlja, da boste ve\u010d \u010dasa u\u017eivali v njihovi uporabi, namesto da bi jih sestavljali. Narejeni so iz trpe\u017enega lesa in zasnovani tako, da vzdr\u017eijo vsakodnevno uporabo. Velikost je prilagojena otro\u0161kim obla\u010dilom, kar zagotavlja, da njihova obla\u010dila ostanejo v odli\u010dni obliki.  <\/p>\n<p>Sprostite svojo ustvarjalnost s poslikavo nepotiskane strani obe\u0161alnikov. Prilagodite vsak obe\u0161alnik z otrokovim imenom, najljub\u0161imi barvami ali edinstvenim dizajnom, da bodo resni\u010dno unikatni. Ti obe\u0161alniki so premi\u0161ljeno in edinstveno darilo za rojstvo otroka, rojstni dan ali katerokoli posebno prilo\u017enost.  <\/p>\n<p>Velikost plo\u0161\u010de: 21 x 25 cm<br \/>\nVelikost sestavljenega izdelka: 16 x 13 x 5 cm[\/vc_column_text][vc_row_inner et_uniqid=&#8221;et_custom_uniqid_5f73154db5def&#8221; css=&#8221;.vc_custom_1601404350073{margin-right: 5px !important;margin-bottom: 32px !important;margin-left: 0px !important;padding-top: 0px !important;padding-right: 20px !important;padding-bottom: 0px !important;padding-left: 20px !important;background-color: #ffffff !important;}&#8221; _et_uniqid=&#8221;et_custom_uniqid_new_5f737db5a6512&#8243;][vc_column_inner][vc_custom_heading text=&#8221;Ali ste vedeli?&#8221; font_container=&#8221;tag:p|font_size:33px|text_align:left|color:%23282828|line_height:40px&#8221;][vc_column_text]Lesene igra\u010de dokazano spodbujajo otro\u0161ko domi\u0161ljijo, so trajnostne in okolju prijazne. Brez\u010dasna tekstura lesa poskrbi, da lesene figure nikoli ne zastarajo, zaradi unikatnosti lesa pa ima vsak izdelek unikaten vzorec.[\/vc_column_text][\/vc_column_inner][\/vc_row_inner][vc_custom_heading text=&#8221;Oglejte si produktne videe&#8221; use_theme_fonts=&#8221;yes&#8221;][vc_row_inner][vc_column_inner width=&#8221;1\/2&#8243;][vc_video link=&#8221;https:\/\/www.youtube.com\/watch?v=qiDCW0Z4UP4&#8243; css=&#8221;&#8221;][\/vc_column_inner][vc_column_inner width=&#8221;1\/2&#8243;][vc_video link=&#8221;https:\/\/www.youtube.com\/watch?v=v0U-gCFUizg&#8221; css=&#8221;&#8221;][\/vc_column_inner][\/vc_row_inner][vc_empty_space][\/vc_column][\/vc_row][vc_row][vc_column][vc_column_text css_animation=&#8221;none&#8221; css=&#8221;&#8221;]Bi radi unikaten obe\u0161alnik z va\u0161im motivom? Lahko vam ga potiskamo ali lasersko graviramo.  <a href=\"https:\/\/lukazajc.com\/laserski-razrez\/\" target=\"_blank\" rel=\"noopener\"><strong>Poglejte mo\u017enosti!<\/strong><\/a>[\/vc_column_text][\/vc_column][\/vc_row]<\/p>\n<\/div>","protected":false},"excerpt":{"rendered":"<p>Dopolnite otro\u0161ko garderobo s \u010dudovitimi lesenimi obe\u0161alniki. Naro\u010dite zdaj in vnesite osebni pridih v otrokovo vsakodnevno rutino! <\/p>\n","protected":false},"featured_media":8026,"template":"","meta":[],"etheme_brands":[{"term_id":99,"name":"Pop-out Animal Kingdom","slug":"animalkingdom-hangers","term_group":0,"term_taxonomy_id":99,"taxonomy":"brand","description":"","parent":0,"count":14,"filter":"raw"}],"product_brand":[],"product_cat":[65,50],"product_tag":[],"class_list":{"0":"post-8023","1":"product","2":"type-product","3":"status-publish","4":"has-post-thumbnail","6":"brand-animalkingdom-hangers","7":"product_cat-hanger-sl","8":"product_cat-decoration-sl","10":"first","11":"instock","12":"taxable","13":"shipping-taxable","14":"purchasable","15":"product-type-simple"},"yoast_head":"<!-- This site is optimized with the Yoast SEO plugin v27.4 - https:\/\/yoast.com\/product\/yoast-seo-wordpress\/ -->\n<title>POP-out hanger Quirky Quatre - Woodtales<\/title>\n<meta name=\"robots\" content=\"index, follow, max-snippet:-1, max-image-preview:large, max-video-preview:-1\" \/>\n<link rel=\"canonical\" href=\"https:\/\/woodtales.eu\/sl\/product\/pop-out-hanger-quirky-quatre\/\" \/>\n<meta property=\"og:locale\" content=\"sl_SI\" \/>\n<meta property=\"og:type\" content=\"article\" \/>\n<meta property=\"og:title\" content=\"POP-out hanger Quirky Quatre - Woodtales\" \/>\n<meta property=\"og:description\" content=\"Dopolnite otro\u0161ko garderobo s \u010dudovitimi lesenimi obe\u0161alniki. Naro\u010dite zdaj in vnesite osebni pridih v otrokovo vsakodnevno rutino!\" \/>\n<meta property=\"og:url\" content=\"https:\/\/woodtales.eu\/sl\/product\/pop-out-hanger-quirky-quatre\/\" \/>\n<meta property=\"og:site_name\" content=\"Woodtales\" \/>\n<meta property=\"article:publisher\" content=\"https:\/\/www.facebook.com\/SpiraChristmasTree\" \/>\n<meta property=\"article:modified_time\" content=\"2025-11-08T19:46:48+00:00\" \/>\n<meta property=\"og:image\" content=\"https:\/\/woodtales.eu\/wp-content\/uploads\/2024\/11\/POK_quirky-quatre-1.jpg\" \/>\n\t<meta property=\"og:image:width\" content=\"900\" \/>\n\t<meta property=\"og:image:height\" content=\"675\" \/>\n\t<meta property=\"og:image:type\" content=\"image\/jpeg\" \/>\n<meta name=\"twitter:card\" content=\"summary_large_image\" \/>\n<meta name=\"twitter:label1\" content=\"Est. reading time\" \/>\n\t<meta name=\"twitter:data1\" content=\"2 minuti\" \/>\n<script type=\"application\/ld+json\" class=\"yoast-schema-graph\">{\"@context\":\"https:\\\/\\\/schema.org\",\"@graph\":[{\"@type\":\"WebPage\",\"@id\":\"https:\\\/\\\/woodtales.eu\\\/sl\\\/product\\\/pop-out-hanger-quirky-quatre\\\/\",\"url\":\"https:\\\/\\\/woodtales.eu\\\/sl\\\/product\\\/pop-out-hanger-quirky-quatre\\\/\",\"name\":\"POP-out hanger Quirky Quatre - Woodtales\",\"isPartOf\":{\"@id\":\"https:\\\/\\\/woodtales.eu\\\/sl\\\/#website\"},\"primaryImageOfPage\":{\"@id\":\"https:\\\/\\\/woodtales.eu\\\/sl\\\/product\\\/pop-out-hanger-quirky-quatre\\\/#primaryimage\"},\"image\":{\"@id\":\"https:\\\/\\\/woodtales.eu\\\/sl\\\/product\\\/pop-out-hanger-quirky-quatre\\\/#primaryimage\"},\"thumbnailUrl\":\"https:\\\/\\\/woodtales.eu\\\/wp-content\\\/uploads\\\/2024\\\/11\\\/POK_quirky-quatre-1.jpg\",\"datePublished\":\"2024-10-31T23:44:17+00:00\",\"dateModified\":\"2025-11-08T19:46:48+00:00\",\"breadcrumb\":{\"@id\":\"https:\\\/\\\/woodtales.eu\\\/sl\\\/product\\\/pop-out-hanger-quirky-quatre\\\/#breadcrumb\"},\"inLanguage\":\"sl-SI\",\"potentialAction\":[{\"@type\":\"ReadAction\",\"target\":[\"https:\\\/\\\/woodtales.eu\\\/sl\\\/product\\\/pop-out-hanger-quirky-quatre\\\/\"]}]},{\"@type\":\"ImageObject\",\"inLanguage\":\"sl-SI\",\"@id\":\"https:\\\/\\\/woodtales.eu\\\/sl\\\/product\\\/pop-out-hanger-quirky-quatre\\\/#primaryimage\",\"url\":\"https:\\\/\\\/woodtales.eu\\\/wp-content\\\/uploads\\\/2024\\\/11\\\/POK_quirky-quatre-1.jpg\",\"contentUrl\":\"https:\\\/\\\/woodtales.eu\\\/wp-content\\\/uploads\\\/2024\\\/11\\\/POK_quirky-quatre-1.jpg\",\"width\":900,\"height\":675},{\"@type\":\"BreadcrumbList\",\"@id\":\"https:\\\/\\\/woodtales.eu\\\/sl\\\/product\\\/pop-out-hanger-quirky-quatre\\\/#breadcrumb\",\"itemListElement\":[{\"@type\":\"ListItem\",\"position\":1,\"name\":\"Home\",\"item\":\"https:\\\/\\\/woodtales.eu\\\/sl\\\/\"},{\"@type\":\"ListItem\",\"position\":2,\"name\":\"Trgovina\",\"item\":\"https:\\\/\\\/woodtales.eu\\\/shop\\\/\"},{\"@type\":\"ListItem\",\"position\":3,\"name\":\"POP-out hanger Quirky Quatre\"}]},{\"@type\":\"WebSite\",\"@id\":\"https:\\\/\\\/woodtales.eu\\\/sl\\\/#website\",\"url\":\"https:\\\/\\\/woodtales.eu\\\/sl\\\/\",\"name\":\"Woodtales\",\"description\":\"\",\"publisher\":{\"@id\":\"https:\\\/\\\/woodtales.eu\\\/sl\\\/#organization\"},\"potentialAction\":[{\"@type\":\"SearchAction\",\"target\":{\"@type\":\"EntryPoint\",\"urlTemplate\":\"https:\\\/\\\/woodtales.eu\\\/sl\\\/?s={search_term_string}\"},\"query-input\":{\"@type\":\"PropertyValueSpecification\",\"valueRequired\":true,\"valueName\":\"search_term_string\"}}],\"inLanguage\":\"sl-SI\"},{\"@type\":\"Organization\",\"@id\":\"https:\\\/\\\/woodtales.eu\\\/sl\\\/#organization\",\"name\":\"Woodtales\",\"url\":\"https:\\\/\\\/woodtales.eu\\\/sl\\\/\",\"logo\":{\"@type\":\"ImageObject\",\"inLanguage\":\"sl-SI\",\"@id\":\"https:\\\/\\\/woodtales.eu\\\/sl\\\/#\\\/schema\\\/logo\\\/image\\\/\",\"url\":\"https:\\\/\\\/woodtales.eu\\\/wp-content\\\/uploads\\\/2019\\\/09\\\/cropped-logo-WT_thumbnail.png\",\"contentUrl\":\"https:\\\/\\\/woodtales.eu\\\/wp-content\\\/uploads\\\/2019\\\/09\\\/cropped-logo-WT_thumbnail.png\",\"width\":512,\"height\":512,\"caption\":\"Woodtales\"},\"image\":{\"@id\":\"https:\\\/\\\/woodtales.eu\\\/sl\\\/#\\\/schema\\\/logo\\\/image\\\/\"},\"sameAs\":[\"https:\\\/\\\/www.facebook.com\\\/SpiraChristmasTree\",\"https:\\\/\\\/www.instagram.com\\\/woodtales_\\\/\"]}]}<\/script>\n<!-- \/ Yoast SEO plugin. -->","yoast_head_json":{"title":"POP-out hanger Quirky Quatre - Woodtales","robots":{"index":"index","follow":"follow","max-snippet":"max-snippet:-1","max-image-preview":"max-image-preview:large","max-video-preview":"max-video-preview:-1"},"canonical":"https:\/\/woodtales.eu\/sl\/product\/pop-out-hanger-quirky-quatre\/","og_locale":"sl_SI","og_type":"article","og_title":"POP-out hanger Quirky Quatre - Woodtales","og_description":"Dopolnite otro\u0161ko garderobo s \u010dudovitimi lesenimi obe\u0161alniki. Naro\u010dite zdaj in vnesite osebni pridih v otrokovo vsakodnevno rutino!","og_url":"https:\/\/woodtales.eu\/sl\/product\/pop-out-hanger-quirky-quatre\/","og_site_name":"Woodtales","article_publisher":"https:\/\/www.facebook.com\/SpiraChristmasTree","article_modified_time":"2025-11-08T19:46:48+00:00","og_image":[{"width":900,"height":675,"url":"https:\/\/woodtales.eu\/wp-content\/uploads\/2024\/11\/POK_quirky-quatre-1.jpg","type":"image\/jpeg"}],"twitter_card":"summary_large_image","twitter_misc":{"Est. reading time":"2 minuti"},"schema":{"@context":"https:\/\/schema.org","@graph":[{"@type":"WebPage","@id":"https:\/\/woodtales.eu\/sl\/product\/pop-out-hanger-quirky-quatre\/","url":"https:\/\/woodtales.eu\/sl\/product\/pop-out-hanger-quirky-quatre\/","name":"POP-out hanger Quirky Quatre - Woodtales","isPartOf":{"@id":"https:\/\/woodtales.eu\/sl\/#website"},"primaryImageOfPage":{"@id":"https:\/\/woodtales.eu\/sl\/product\/pop-out-hanger-quirky-quatre\/#primaryimage"},"image":{"@id":"https:\/\/woodtales.eu\/sl\/product\/pop-out-hanger-quirky-quatre\/#primaryimage"},"thumbnailUrl":"https:\/\/woodtales.eu\/wp-content\/uploads\/2024\/11\/POK_quirky-quatre-1.jpg","datePublished":"2024-10-31T23:44:17+00:00","dateModified":"2025-11-08T19:46:48+00:00","breadcrumb":{"@id":"https:\/\/woodtales.eu\/sl\/product\/pop-out-hanger-quirky-quatre\/#breadcrumb"},"inLanguage":"sl-SI","potentialAction":[{"@type":"ReadAction","target":["https:\/\/woodtales.eu\/sl\/product\/pop-out-hanger-quirky-quatre\/"]}]},{"@type":"ImageObject","inLanguage":"sl-SI","@id":"https:\/\/woodtales.eu\/sl\/product\/pop-out-hanger-quirky-quatre\/#primaryimage","url":"https:\/\/woodtales.eu\/wp-content\/uploads\/2024\/11\/POK_quirky-quatre-1.jpg","contentUrl":"https:\/\/woodtales.eu\/wp-content\/uploads\/2024\/11\/POK_quirky-quatre-1.jpg","width":900,"height":675},{"@type":"BreadcrumbList","@id":"https:\/\/woodtales.eu\/sl\/product\/pop-out-hanger-quirky-quatre\/#breadcrumb","itemListElement":[{"@type":"ListItem","position":1,"name":"Home","item":"https:\/\/woodtales.eu\/sl\/"},{"@type":"ListItem","position":2,"name":"Trgovina","item":"https:\/\/woodtales.eu\/shop\/"},{"@type":"ListItem","position":3,"name":"POP-out hanger Quirky Quatre"}]},{"@type":"WebSite","@id":"https:\/\/woodtales.eu\/sl\/#website","url":"https:\/\/woodtales.eu\/sl\/","name":"Woodtales","description":"","publisher":{"@id":"https:\/\/woodtales.eu\/sl\/#organization"},"potentialAction":[{"@type":"SearchAction","target":{"@type":"EntryPoint","urlTemplate":"https:\/\/woodtales.eu\/sl\/?s={search_term_string}"},"query-input":{"@type":"PropertyValueSpecification","valueRequired":true,"valueName":"search_term_string"}}],"inLanguage":"sl-SI"},{"@type":"Organization","@id":"https:\/\/woodtales.eu\/sl\/#organization","name":"Woodtales","url":"https:\/\/woodtales.eu\/sl\/","logo":{"@type":"ImageObject","inLanguage":"sl-SI","@id":"https:\/\/woodtales.eu\/sl\/#\/schema\/logo\/image\/","url":"https:\/\/woodtales.eu\/wp-content\/uploads\/2019\/09\/cropped-logo-WT_thumbnail.png","contentUrl":"https:\/\/woodtales.eu\/wp-content\/uploads\/2019\/09\/cropped-logo-WT_thumbnail.png","width":512,"height":512,"caption":"Woodtales"},"image":{"@id":"https:\/\/woodtales.eu\/sl\/#\/schema\/logo\/image\/"},"sameAs":["https:\/\/www.facebook.com\/SpiraChristmasTree","https:\/\/www.instagram.com\/woodtales_\/"]}]}},"_links":{"self":[{"href":"https:\/\/woodtales.eu\/sl\/wp-json\/wp\/v2\/product\/8023","targetHints":{"allow":["GET"]}}],"collection":[{"href":"https:\/\/woodtales.eu\/sl\/wp-json\/wp\/v2\/product"}],"about":[{"href":"https:\/\/woodtales.eu\/sl\/wp-json\/wp\/v2\/types\/product"}],"wp:featuredmedia":[{"embeddable":true,"href":"https:\/\/woodtales.eu\/sl\/wp-json\/wp\/v2\/media\/8026"}],"wp:attachment":[{"href":"https:\/\/woodtales.eu\/sl\/wp-json\/wp\/v2\/media?parent=8023"}],"wp:term":[{"taxonomy":"brand","embeddable":true,"href":"https:\/\/woodtales.eu\/sl\/wp-json\/wp\/v2\/etheme_brands?post=8023"},{"taxonomy":"product_brand","embeddable":true,"href":"https:\/\/woodtales.eu\/sl\/wp-json\/wp\/v2\/product_brand?post=8023"},{"taxonomy":"product_cat","embeddable":true,"href":"https:\/\/woodtales.eu\/sl\/wp-json\/wp\/v2\/product_cat?post=8023"},{"taxonomy":"product_tag","embeddable":true,"href":"https:\/\/woodtales.eu\/sl\/wp-json\/wp\/v2\/product_tag?post=8023"}],"curies":[{"name":"wp","href":"https:\/\/api.w.org\/{rel}","templated":true}]}}